{"id":2846,"date":"2025-08-04T08:35:20","date_gmt":"2025-08-04T06:35:20","guid":{"rendered":"https:\/\/medi-market-group.poush-dev.be\/nos-engagements\/"},"modified":"2025-12-01T15:54:19","modified_gmt":"2025-12-01T14:54:19","slug":"our-commitments","status":"publish","type":"page","link":"https:\/\/www.medi-market-group.com\/en\/our-commitments\/","title":{"rendered":"Our commitments"},"content":{"rendered":"<p>[et_pb_section fb_built=&#8221;1&#8243; _builder_version=&#8221;4.27.4&#8243; _module_preset=&#8221;default&#8221; background_color=&#8221;gcid-169d53ee-a668-4e75-9ecd-09cb439115ce&#8221; custom_padding=&#8221;0px|20px|0px|20px|true|true&#8221; global_colors_info=&#8221;{%22gcid-169d53ee-a668-4e75-9ecd-09cb439115ce%22:%91%22background_color%22%93}&#8221;][et_pb_row _builder_version=&#8221;4.27.4&#8243; _module_preset=&#8221;7a118687-3fdc-4371-ae36-4cf0afc13fbe&#8221; background_image=&#8221;https:\/\/www.medi-market-group.com\/wp-content\/uploads\/2025\/11\/ADE_1776HD.webp&#8221; hover_enabled=&#8221;0&#8243; global_colors_info=&#8221;{}&#8221; title_text=&#8221;ADE_1776HD&#8221; background_position=&#8221;center&#8221; sticky_enabled=&#8221;0&#8243;][et_pb_column type=&#8221;4_4&#8243; _builder_version=&#8221;4.27.4&#8243; _module_preset=&#8221;default&#8221; global_colors_info=&#8221;{}&#8221;][et_pb_text admin_label=&#8221;Text&#8221; _builder_version=&#8221;4.27.4&#8243; _module_preset=&#8221;5298e62e-f7ac-4dd9-b361-006fc4da68de&#8221; background_size=&#8221;initial&#8221; background_position=&#8221;top_left&#8221; background_repeat=&#8221;repeat&#8221; background_layout=&#8221;dark&#8221; max_width=&#8221;750px&#8221; custom_margin=&#8221;||0px||false|false&#8221; header_text_shadow_style=&#8221;preset3&#8243; header_text_shadow_blur_strength=&#8221;0.8em&#8221; global_colors_info=&#8221;{}&#8221;]<\/p>\n<h1>Our commitments<\/h1>\n<p>[\/et_pb_text][\/et_pb_column][\/et_pb_row][\/et_pb_section][et_pb_section fb_built=&#8221;1&#8243; _builder_version=&#8221;4.27.4&#8243; _module_preset=&#8221;default&#8221; background_color=&#8221;gcid-169d53ee-a668-4e75-9ecd-09cb439115ce&#8221; global_colors_info=&#8221;{%22gcid-169d53ee-a668-4e75-9ecd-09cb439115ce%22:%91%22background_color%22%93}&#8221;][et_pb_row column_structure=&#8221;3_5,2_5&#8243; _builder_version=&#8221;4.27.4&#8243; _module_preset=&#8221;f2224794-3e34-4e6a-835c-79610dd4d053&#8243; locked=&#8221;off&#8221; global_colors_info=&#8221;{}&#8221;][et_pb_column type=&#8221;3_5&#8243; _builder_version=&#8221;4.27.4&#8243; _module_preset=&#8221;default&#8221; global_colors_info=&#8221;{}&#8221;][et_pb_text _builder_version=&#8221;4.27.4&#8243; _module_preset=&#8221;default&#8221; text_orientation=&#8221;center&#8221; max_width=&#8221;900px&#8221; module_alignment=&#8221;center&#8221; global_colors_info=&#8221;{}&#8221;]<\/p>\n<h2>Our action at the heart of the health mission<\/h2>\n<p>At Medi-Market, our ambition is to become a <a href=\"https:\/\/www.medi-market-group.com\/en\/our-vision-for-future-healthcare\/\" data-wplink-url-error=\"true\"><strong>key player in health and well-being<\/strong><\/a>, sustainably contributing to improving everyone\u2019s quality of life. This commitment goes beyond our products and services: it is expressed through <strong>concrete actions that have a real impact on society.<\/strong><\/p>\n<p>As a responsible company, we support sustainable social causes and involve our employees through:<\/p>\n<ul>\n<li style=\"text-align: left;\">Strategic partnerships<\/li>\n<li style=\"text-align: left;\">Solidarity actions<\/li>\n<li style=\"text-align: left;\">Internal mobilisation and well-being programmes.<\/li>\n<\/ul>\n<p>[\/et_pb_text][\/et_pb_column][et_pb_column type=&#8221;2_5&#8243; _builder_version=&#8221;4.27.4&#8243; _module_preset=&#8221;32ee7a8d-ac44-4577-9c34-c7f6df1113d0&#8243; background_image=&#8221;https:\/\/www.medi-market-group.com\/wp-content\/uploads\/2025\/11\/city-concorde.webp&#8221; global_colors_info=&#8221;{}&#8221;][et_pb_divider show_divider=&#8221;off&#8221; _builder_version=&#8221;4.27.4&#8243; _module_preset=&#8221;e40510a5-e3c2-4511-b85c-d0e18452625d&#8221; locked=&#8221;off&#8221; global_colors_info=&#8221;{}&#8221;][\/et_pb_divider][\/et_pb_column][\/et_pb_row][et_pb_row column_structure=&#8221;2_5,3_5&#8243; module_class=&#8221;custom-mobile-vertical-reverse&#8221; _builder_version=&#8221;4.27.4&#8243; _module_preset=&#8221;f2224794-3e34-4e6a-835c-79610dd4d053&#8243; locked=&#8221;off&#8221; global_colors_info=&#8221;{}&#8221;][et_pb_column type=&#8221;2_5&#8243; _builder_version=&#8221;4.27.4&#8243; _module_preset=&#8221;32ee7a8d-ac44-4577-9c34-c7f6df1113d0&#8243; background_image=&#8221;https:\/\/www.medi-market-group.com\/wp-content\/uploads\/2025\/11\/2025-11-04-Medi-Market_A.-Delsoir-Photo2239Web-2.webp&#8221; global_colors_info=&#8221;{}&#8221;][et_pb_divider show_divider=&#8221;off&#8221; _builder_version=&#8221;4.27.4&#8243; _module_preset=&#8221;e40510a5-e3c2-4511-b85c-d0e18452625d&#8221; locked=&#8221;off&#8221; global_colors_info=&#8221;{}&#8221;][\/et_pb_divider][\/et_pb_column][et_pb_column type=&#8221;3_5&#8243; _builder_version=&#8221;4.27.4&#8243; _module_preset=&#8221;default&#8221; custom_padding_last_edited=&#8221;off|phone&#8221; global_colors_info=&#8221;{}&#8221;][et_pb_text _builder_version=&#8221;4.27.4&#8243; _module_preset=&#8221;default&#8221; text_orientation=&#8221;center&#8221; custom_margin=&#8221;||15px||false|false&#8221; locked=&#8221;off&#8221; global_colors_info=&#8221;{}&#8221;]<\/p>\n<h2>A partnership with Pink Ribbon Belgium<\/h2>\n<p>Since 2023, Medi-Market has been proud to be a <strong>key partner of <a href=\"https:\/\/pink-ribbon.be\/en\/\" target=\"_blank\" rel=\"noopener\">Pink Ribbon Belgium<\/a><\/strong>, a recognised organisation in the fight against breast cancer. We actively support Pink Ribbon through <strong>annual funding<\/strong> and the <strong>sale of Pink Ribbon ribbons and bracelets<\/strong> during Pink October in all of our Benelux stores. Each year, our CEO actively participates in the organisation\u2019s annual press conference, reinforcing our role as an ambassador for this essential cause.<\/p>\n<p>[\/et_pb_text][et_pb_text _builder_version=&#8221;4.27.4&#8243; _module_preset=&#8221;2ea8d798-60d9-49ff-8bbe-31469aa37cfe&#8221; locked=&#8221;off&#8221; global_colors_info=&#8221;{}&#8221;]<\/p>\n<p>Pink Ribbon Belgium is a leading organisation in the fight against breast cancer. It acts on two fronts: reducing the number of cases through prevention campaigns and improving the quality of life of people affected by the disease.<\/p>\n<p>[\/et_pb_text][\/et_pb_column][\/et_pb_row][et_pb_row column_structure=&#8221;3_5,2_5&#8243; _builder_version=&#8221;4.27.4&#8243; _module_preset=&#8221;f2224794-3e34-4e6a-835c-79610dd4d053&#8243; locked=&#8221;off&#8221; global_colors_info=&#8221;{}&#8221;][et_pb_column type=&#8221;3_5&#8243; _builder_version=&#8221;4.27.4&#8243; _module_preset=&#8221;default&#8221; global_colors_info=&#8221;{}&#8221;][et_pb_text _builder_version=&#8221;4.27.4&#8243; _module_preset=&#8221;default&#8221; text_orientation=&#8221;center&#8221; max_width=&#8221;900px&#8221; module_alignment=&#8221;center&#8221; global_colors_info=&#8221;{}&#8221;]<\/p>\n<h2>Collective mobilisation<\/h2>\n<p>Beyond our support for Pink Ribbon, Medi-Market engages in numerous social and solidarity activities. We participate in initiatives such as <strong>blood donations<\/strong> with the <strong>Red Cross<\/strong> in Belgium, <strong>volunteering<\/strong> with the Red Cross in Italy and providing <strong>financial support<\/strong> to populations in distress, notably in Ukraine. Since well-being depends as much on physical vitality as it does on mental balance, we also offer our employees <strong>sports classes<\/strong> and <strong>mental health support<\/strong> via the <strong>Evoluno platform<\/strong>. <\/p>\n<p>[\/et_pb_text][et_pb_image src=&#8221;https:\/\/www.medi-market-group.com\/wp-content\/uploads\/2025\/10\/Evoluno.png&#8221; alt=&#8221;Logo Evoluno avec un symbole d&#8217;infini en d\u00e9grad\u00e9 bleu et violet, accompagn\u00e9 du texte %22EVOLUNO%22 en lettres majuscules violettes.&#8221; title_text=&#8221;Evoluno&#8221; align=&#8221;center&#8221; _builder_version=&#8221;4.27.4&#8243; _module_preset=&#8221;default&#8221; width=&#8221;70px&#8221; max_width=&#8221;70%&#8221; custom_margin=&#8221;||20px||false|false&#8221; locked=&#8221;off&#8221; global_colors_info=&#8221;{}&#8221;][\/et_pb_image][et_pb_image src=&#8221;https:\/\/www.medi-market-group.com\/wp-content\/uploads\/2025\/09\/croix-rouge.webp&#8221; alt=&#8221;Logo de la Croix-Rouge de Belgique avec un texte noir \u00e0 gauche et une croix rouge \u00e0 droite sur fond blanc.&#8221; title_text=&#8221;croix-rouge&#8221; align=&#8221;center&#8221; _builder_version=&#8221;4.27.4&#8243; _module_preset=&#8221;default&#8221; width=&#8221;150px&#8221; max_width=&#8221;150px&#8221; locked=&#8221;off&#8221; global_colors_info=&#8221;{}&#8221;][\/et_pb_image][\/et_pb_column][et_pb_column type=&#8221;2_5&#8243; _builder_version=&#8221;4.27.4&#8243; _module_preset=&#8221;32ee7a8d-ac44-4577-9c34-c7f6df1113d0&#8243; background_image=&#8221;https:\/\/www.medi-market-group.com\/wp-content\/uploads\/2025\/11\/don-de-sang-retouche-2.webp&#8221; global_colors_info=&#8221;{}&#8221;][et_pb_divider show_divider=&#8221;off&#8221; _builder_version=&#8221;4.27.4&#8243; _module_preset=&#8221;e40510a5-e3c2-4511-b85c-d0e18452625d&#8221; locked=&#8221;off&#8221; global_colors_info=&#8221;{}&#8221;][\/et_pb_divider][\/et_pb_column][\/et_pb_row][et_pb_row _builder_version=&#8221;4.27.4&#8243; _module_preset=&#8221;default&#8221; background_color=&#8221;#FFFFFF&#8221; max_width=&#8221;1000px&#8221; custom_margin=&#8221;30px||||false|false&#8221; custom_padding=&#8221;40px|30px|60px|30px|false|true&#8221; border_color_all=&#8221;gcid-5955f51f-a20d-4245-8a47-7d5a43b0fe45&#8243; border_width_top=&#8221;1px&#8221; border_width_right=&#8221;1px&#8221; border_width_bottom=&#8221;1px&#8221; border_width_left=&#8221;1px&#8221; locked=&#8221;off&#8221; global_colors_info=&#8221;{%22gcid-5955f51f-a20d-4245-8a47-7d5a43b0fe45%22:%91%22border_color_all%22%93}&#8221; custom_margin__hover_enabled=&#8221;off|desktop&#8221;][et_pb_column type=&#8221;4_4&#8243; _builder_version=&#8221;4.27.4&#8243; _module_preset=&#8221;default&#8221; global_colors_info=&#8221;{}&#8221;][et_pb_text _builder_version=&#8221;4.27.4&#8243; _module_preset=&#8221;default&#8221; text_orientation=&#8221;center&#8221; custom_margin=&#8221;||0px||false|false&#8221; global_colors_info=&#8221;{}&#8221;]<\/p>\n<h2>Our talents speak out<\/h2>\n<p>[\/et_pb_text][dsm_card_carousel _builder_version=&#8221;4.27.4&#8243; _module_preset=&#8221;ad20ff8a-4c0d-4393-808b-855dcb0412b5&#8243; global_colors_info=&#8221;{%22gcid-primary-color%22:%91%22subhead_text_color%22,%22arrow_background_color%22,%22dots_active_color%22%93}&#8221;][dsm_card_carousel_child title=&#8221;Michela Barboglio&#8221; subtitle=&#8221;Marketing (Medi-Market Italia)&#8221; image_as_background=&#8221;off&#8221; button_url_new_window=&#8221;1&#8243; _builder_version=&#8221;4.27.4&#8243; _module_preset=&#8221;default&#8221; global_colors_info=&#8221;{}&#8221; parent_button=&#8221;off&#8221; parent_header_level=&#8221;h3&#8243;]<\/p>\n<p>In my opinion, Medi-Market has exceptional potential to contribute significantly to social progress and collective well-being. Its mission, services, and ethical commitment constitute a solid foundation, which can translate into concrete projects that generate value for society and the community.<\/p>\n<p>[\/dsm_card_carousel_child][dsm_card_carousel_child title=&#8221;Michael Marlier&#8221; subtitle=&#8221;Prevention Advisor (Medi-Market Benelux)&#8221; image_as_background=&#8221;off&#8221; button_url_new_window=&#8221;1&#8243; _builder_version=&#8221;4.27.4&#8243; _module_preset=&#8221;default&#8221; global_colors_info=&#8221;{}&#8221; parent_button=&#8221;off&#8221; parent_header_level=&#8221;h3&#8243;]<\/p>\n<p>As a prevention advisor, I contribute to the health and well-being of our employees by ensuring their safety every day. What motivates me is seeing that this attention to people is shared across the entire staff, and that it represents the greatest strength of our company: advancing together while taking care of each other.<\/p>\n<p>[\/dsm_card_carousel_child][\/dsm_card_carousel][\/et_pb_column][\/et_pb_row][et_pb_row _builder_version=&#8221;4.27.4&#8243; _module_preset=&#8221;default&#8221; global_colors_info=&#8221;{}&#8221;][et_pb_column type=&#8221;4_4&#8243; _builder_version=&#8221;4.27.4&#8243; _module_preset=&#8221;default&#8221; global_colors_info=&#8221;{}&#8221;][et_pb_text _builder_version=&#8221;4.27.4&#8243; _module_preset=&#8221;2ea8d798-60d9-49ff-8bbe-31469aa37cfe&#8221; max_width=&#8221;860px&#8221; module_alignment=&#8221;center&#8221; custom_margin=&#8221;50px||||false|false&#8221; locked=&#8221;off&#8221; global_colors_info=&#8221;{%22gcid-primary-color%22:%91%22text_text_color%22%93}&#8221;]<\/p>\n<p>Contributing to strengthening solidarity and cultivating well-being within our organisation is, for us, much more than a commitment \u2013 it is a <strong>responsibility<\/strong>.<\/p>\n<p>[\/et_pb_text][\/et_pb_column][\/et_pb_row][\/et_pb_section]<\/p>\n","protected":false},"excerpt":{"rendered":"<p>Our commitmentsOur action at the heart of the health mission At Medi-Market, our ambition is to become a key player in health and well-being, sustainably contributing to improving everyone\u2019s quality of life. This commitment goes beyond our products and services: it is expressed through concrete actions that have a real impact on society. As a responsible company, we support sustainable social causes and involve our employees through: Strategic partnerships Solidarity actions Internal mobilisation and well-being programmes. A partnership with Pink Ribbon Belgium Since 2023, Medi-Market has been proud to be a key partner of Pink Ribbon Belgium, a recognised organisation in the fight against breast cancer. We actively support Pink Ribbon through annual funding and the sale of Pink Ribbon ribbons and bracelets during Pink October in all of our Benelux stores. Each year, our CEO actively participates in the organisation\u2019s annual press conference, reinforcing our role as an ambassador for this essential cause.Pink Ribbon Belgium is a leading organisation in the fight against breast cancer. It acts on two fronts: reducing the number of cases through prevention campaigns and improving the quality of life of people affected by the disease.Collective mobilisation Beyond our support for Pink Ribbon, Medi-Market engages [&hellip;]<\/p>\n","protected":false},"author":1,"featured_media":0,"parent":0,"menu_order":22,"comment_status":"closed","ping_status":"closed","template":"","meta":{"_et_pb_use_builder":"on","_et_pb_old_content":"","_et_gb_content_width":"","footnotes":""},"class_list":["post-2846","page","type-page","status-publish","hentry"],"yoast_head":"<!-- This site is optimized with the Yoast SEO plugin v27.3 - https:\/\/yoast.com\/product\/yoast-seo-wordpress\/ -->\n<title>Medi-Market Group, a Committed Actor in the Fight Against Breast Cancer<\/title>\n<meta name=\"description\" content=\"Medi-Market Group supports Pink Ribbon Belgium and acts for prevention and support in the fight against breast cancer.\" \/>\n<meta name=\"robots\" content=\"index, follow, max-snippet:-1, max-image-preview:large, max-video-preview:-1\" \/>\n<link rel=\"canonical\" href=\"https:\/\/www.medi-market-group.com\/en\/our-commitments\/\" \/>\n<meta property=\"og:locale\" content=\"en_US\" \/>\n<meta property=\"og:type\" content=\"article\" \/>\n<meta property=\"og:title\" content=\"Medi-Market Group, a Committed Actor in the Fight Against Breast Cancer\" \/>\n<meta property=\"og:description\" content=\"Medi-Market Group supports Pink Ribbon Belgium and acts for prevention and support in the fight against breast cancer.\" \/>\n<meta property=\"og:url\" content=\"https:\/\/www.medi-market-group.com\/en\/our-commitments\/\" \/>\n<meta property=\"og:site_name\" content=\"Medi-Market Group\" \/>\n<meta property=\"article:modified_time\" content=\"2025-12-01T14:54:19+00:00\" \/>\n<meta name=\"twitter:card\" content=\"summary_large_image\" \/>\n<meta name=\"twitter:label1\" content=\"Est. reading time\" \/>\n\t<meta name=\"twitter:data1\" content=\"3 minutes\" \/>\n<script type=\"application\/ld+json\" class=\"yoast-schema-graph\">{\"@context\":\"https:\\\/\\\/schema.org\",\"@graph\":[{\"@type\":\"WebPage\",\"@id\":\"https:\\\/\\\/www.medi-market-group.com\\\/en\\\/our-commitments\\\/\",\"url\":\"https:\\\/\\\/www.medi-market-group.com\\\/en\\\/our-commitments\\\/\",\"name\":\"Medi-Market Group, a Committed Actor in the Fight Against Breast Cancer\",\"isPartOf\":{\"@id\":\"https:\\\/\\\/www.medi-market-group.com\\\/en\\\/#website\"},\"datePublished\":\"2025-08-04T06:35:20+00:00\",\"dateModified\":\"2025-12-01T14:54:19+00:00\",\"description\":\"Medi-Market Group supports Pink Ribbon Belgium and acts for prevention and support in the fight against breast cancer.\",\"breadcrumb\":{\"@id\":\"https:\\\/\\\/www.medi-market-group.com\\\/en\\\/our-commitments\\\/#breadcrumb\"},\"inLanguage\":\"en-US\",\"potentialAction\":[{\"@type\":\"ReadAction\",\"target\":[\"https:\\\/\\\/www.medi-market-group.com\\\/en\\\/our-commitments\\\/\"]}]},{\"@type\":\"BreadcrumbList\",\"@id\":\"https:\\\/\\\/www.medi-market-group.com\\\/en\\\/our-commitments\\\/#breadcrumb\",\"itemListElement\":[{\"@type\":\"ListItem\",\"position\":1,\"name\":\"Accueil\",\"item\":\"https:\\\/\\\/www.medi-market-group.com\\\/en\\\/\"},{\"@type\":\"ListItem\",\"position\":2,\"name\":\"Our commitments\"}]},{\"@type\":\"WebSite\",\"@id\":\"https:\\\/\\\/www.medi-market-group.com\\\/en\\\/#website\",\"url\":\"https:\\\/\\\/www.medi-market-group.com\\\/en\\\/\",\"name\":\"Medi-Market Group\",\"description\":\"\",\"potentialAction\":[{\"@type\":\"SearchAction\",\"target\":{\"@type\":\"EntryPoint\",\"urlTemplate\":\"https:\\\/\\\/www.medi-market-group.com\\\/en\\\/?s={search_term_string}\"},\"query-input\":{\"@type\":\"PropertyValueSpecification\",\"valueRequired\":true,\"valueName\":\"search_term_string\"}}],\"inLanguage\":\"en-US\"}]}<\/script>\n<!-- \/ Yoast SEO plugin. -->","yoast_head_json":{"title":"Medi-Market Group, a Committed Actor in the Fight Against Breast Cancer","description":"Medi-Market Group supports Pink Ribbon Belgium and acts for prevention and support in the fight against breast cancer.","robots":{"index":"index","follow":"follow","max-snippet":"max-snippet:-1","max-image-preview":"max-image-preview:large","max-video-preview":"max-video-preview:-1"},"canonical":"https:\/\/www.medi-market-group.com\/en\/our-commitments\/","og_locale":"en_US","og_type":"article","og_title":"Medi-Market Group, a Committed Actor in the Fight Against Breast Cancer","og_description":"Medi-Market Group supports Pink Ribbon Belgium and acts for prevention and support in the fight against breast cancer.","og_url":"https:\/\/www.medi-market-group.com\/en\/our-commitments\/","og_site_name":"Medi-Market Group","article_modified_time":"2025-12-01T14:54:19+00:00","twitter_card":"summary_large_image","twitter_misc":{"Est. reading time":"3 minutes"},"schema":{"@context":"https:\/\/schema.org","@graph":[{"@type":"WebPage","@id":"https:\/\/www.medi-market-group.com\/en\/our-commitments\/","url":"https:\/\/www.medi-market-group.com\/en\/our-commitments\/","name":"Medi-Market Group, a Committed Actor in the Fight Against Breast Cancer","isPartOf":{"@id":"https:\/\/www.medi-market-group.com\/en\/#website"},"datePublished":"2025-08-04T06:35:20+00:00","dateModified":"2025-12-01T14:54:19+00:00","description":"Medi-Market Group supports Pink Ribbon Belgium and acts for prevention and support in the fight against breast cancer.","breadcrumb":{"@id":"https:\/\/www.medi-market-group.com\/en\/our-commitments\/#breadcrumb"},"inLanguage":"en-US","potentialAction":[{"@type":"ReadAction","target":["https:\/\/www.medi-market-group.com\/en\/our-commitments\/"]}]},{"@type":"BreadcrumbList","@id":"https:\/\/www.medi-market-group.com\/en\/our-commitments\/#breadcrumb","itemListElement":[{"@type":"ListItem","position":1,"name":"Accueil","item":"https:\/\/www.medi-market-group.com\/en\/"},{"@type":"ListItem","position":2,"name":"Our commitments"}]},{"@type":"WebSite","@id":"https:\/\/www.medi-market-group.com\/en\/#website","url":"https:\/\/www.medi-market-group.com\/en\/","name":"Medi-Market Group","description":"","potentialAction":[{"@type":"SearchAction","target":{"@type":"EntryPoint","urlTemplate":"https:\/\/www.medi-market-group.com\/en\/?s={search_term_string}"},"query-input":{"@type":"PropertyValueSpecification","valueRequired":true,"valueName":"search_term_string"}}],"inLanguage":"en-US"}]}},"_links":{"self":[{"href":"https:\/\/www.medi-market-group.com\/en\/wp-json\/wp\/v2\/pages\/2846","targetHints":{"allow":["GET"]}}],"collection":[{"href":"https:\/\/www.medi-market-group.com\/en\/wp-json\/wp\/v2\/pages"}],"about":[{"href":"https:\/\/www.medi-market-group.com\/en\/wp-json\/wp\/v2\/types\/page"}],"author":[{"embeddable":true,"href":"https:\/\/www.medi-market-group.com\/en\/wp-json\/wp\/v2\/users\/1"}],"replies":[{"embeddable":true,"href":"https:\/\/www.medi-market-group.com\/en\/wp-json\/wp\/v2\/comments?post=2846"}],"version-history":[{"count":12,"href":"https:\/\/www.medi-market-group.com\/en\/wp-json\/wp\/v2\/pages\/2846\/revisions"}],"predecessor-version":[{"id":4131,"href":"https:\/\/www.medi-market-group.com\/en\/wp-json\/wp\/v2\/pages\/2846\/revisions\/4131"}],"wp:attachment":[{"href":"https:\/\/www.medi-market-group.com\/en\/wp-json\/wp\/v2\/media?parent=2846"}],"curies":[{"name":"wp","href":"https:\/\/api.w.org\/{rel}","templated":true}]}}