{"id":2903,"date":"2025-08-04T08:37:50","date_gmt":"2025-08-04T06:37:50","guid":{"rendered":"https:\/\/medi-market-group.poush-dev.be\/nos-instituts\/"},"modified":"2025-12-01T12:25:37","modified_gmt":"2025-12-01T11:25:37","slug":"our-instituts","status":"publish","type":"page","link":"https:\/\/www.medi-market-group.com\/en\/our-instituts\/","title":{"rendered":"Our instituts"},"content":{"rendered":"<p>[et_pb_section fb_built=&#8221;1&#8243; _builder_version=&#8221;4.27.4&#8243; _module_preset=&#8221;default&#8221; background_color=&#8221;gcid-169d53ee-a668-4e75-9ecd-09cb439115ce&#8221; custom_padding=&#8221;0px|20px|0px|20px|true|true&#8221; global_colors_info=&#8221;{%22gcid-169d53ee-a668-4e75-9ecd-09cb439115ce%22:%91%22background_color%22%93}&#8221;][et_pb_row _builder_version=&#8221;4.27.4&#8243; _module_preset=&#8221;7a118687-3fdc-4371-ae36-4cf0afc13fbe&#8221; background_image=&#8221;https:\/\/www.medi-market-group.com\/wp-content\/uploads\/2025\/11\/0110_MEDI-MARKET_SHOOTING_ROCOURT_NOUVEAU_CONCEPT_-_14-07-2023-20230714-54-copie.webp&#8221; background_position=&#8221;center&#8221; hover_enabled=&#8221;0&#8243; global_colors_info=&#8221;{}&#8221; alt=&#8221;Un espace d&#8217;accueil moderne avec des \u00e9tag\u00e8res de produits, des chaises bleues, un comptoir d&#8217;accueil et un panneau d&#8217;affichage num\u00e9rique.&#8221; title_text=&#8221;0110_MEDI-MARKET_SHOOTING_ROCOURT_NOUVEAU_CONCEPT_-_14-07-2023-20230714&#8211;54 copie&#8221; sticky_enabled=&#8221;0&#8243;][et_pb_column type=&#8221;4_4&#8243; _builder_version=&#8221;4.27.4&#8243; _module_preset=&#8221;default&#8221; global_colors_info=&#8221;{}&#8221;][et_pb_text admin_label=&#8221;Text&#8221; _builder_version=&#8221;4.27.4&#8243; _module_preset=&#8221;5298e62e-f7ac-4dd9-b361-006fc4da68de&#8221; background_size=&#8221;initial&#8221; background_position=&#8221;top_left&#8221; background_repeat=&#8221;repeat&#8221; background_layout=&#8221;dark&#8221; max_width=&#8221;750px&#8221; custom_margin=&#8221;||0px||false|false&#8221; header_text_shadow_style=&#8221;preset3&#8243; header_text_shadow_blur_strength=&#8221;0.8em&#8221; global_colors_info=&#8221;{}&#8221;]<\/p>\n<h1>The Institut by Medi-Market<\/h1>\n<p>[\/et_pb_text][\/et_pb_column][\/et_pb_row][\/et_pb_section][et_pb_section fb_built=&#8221;1&#8243; _builder_version=&#8221;4.27.4&#8243; _module_preset=&#8221;default&#8221; background_color=&#8221;gcid-169d53ee-a668-4e75-9ecd-09cb439115ce&#8221; global_colors_info=&#8221;{%22gcid-169d53ee-a668-4e75-9ecd-09cb439115ce%22:%91%22background_color%22%93}&#8221;][et_pb_row column_structure=&#8221;2_3,1_3&#8243; _builder_version=&#8221;4.27.4&#8243; _module_preset=&#8221;f2224794-3e34-4e6a-835c-79610dd4d053&#8243; locked=&#8221;off&#8221; global_colors_info=&#8221;{}&#8221;][et_pb_column type=&#8221;2_3&#8243; _builder_version=&#8221;4.27.4&#8243; _module_preset=&#8221;default&#8221; global_colors_info=&#8221;{}&#8221;][et_pb_text _builder_version=&#8221;4.27.4&#8243; _module_preset=&#8221;default&#8221; text_orientation=&#8221;center&#8221; max_width=&#8221;900px&#8221; module_alignment=&#8221;center&#8221; global_colors_info=&#8221;{}&#8221;]<\/p>\n<h2>An integrated health &amp; well-being approach to the customer journey<\/h2>\n<p>Opened in 2018, our first institute laid the foundation for an <strong>innovative approach to aesthetic and preventive care.<\/strong> True to our DNA, it reflects our ongoing commitment to expand our mission: making <a href=\"https:\/\/www.medi-market-group.com\/en\/our-mission\/\">health and well-being accessible to everyone<\/a>.<\/p>\n<p>The Institut by Medi-Market combines the <strong>expertise of qualified specialists<\/strong> with <strong>advanced aesthetic technologies<\/strong> to offer effective treatments that are accessible to all.<\/p>\n<p>Today, <strong>Medi-Market has 9 institutes in Belgium<\/strong>, confirming our clients\u2019 interest in expert, accessible care integrated into their health journey.<\/p>\n<p>[\/et_pb_text][\/et_pb_column][et_pb_column type=&#8221;1_3&#8243; _builder_version=&#8221;4.27.4&#8243; _module_preset=&#8221;32ee7a8d-ac44-4577-9c34-c7f6df1113d0&#8243; background_image=&#8221;https:\/\/www.medi-market-group.com\/wp-content\/uploads\/2025\/11\/2025-11-04-Medi-Market_A.-Delsoir-Photo2293Web.webp&#8221; global_colors_info=&#8221;{}&#8221;][et_pb_divider show_divider=&#8221;off&#8221; _builder_version=&#8221;4.27.4&#8243; _module_preset=&#8221;e40510a5-e3c2-4511-b85c-d0e18452625d&#8221; locked=&#8221;off&#8221; global_colors_info=&#8221;{}&#8221;][\/et_pb_divider][\/et_pb_column][\/et_pb_row][et_pb_row column_structure=&#8221;1_3,2_3&#8243; module_class=&#8221;custom-align-vertical-reverse&#8221; _builder_version=&#8221;4.27.4&#8243; _module_preset=&#8221;f2224794-3e34-4e6a-835c-79610dd4d053&#8243; locked=&#8221;off&#8221; global_colors_info=&#8221;{}&#8221;][et_pb_column type=&#8221;1_3&#8243; _builder_version=&#8221;4.27.4&#8243; _module_preset=&#8221;32ee7a8d-ac44-4577-9c34-c7f6df1113d0&#8243; background_image=&#8221;https:\/\/www.medi-market-group.com\/wp-content\/uploads\/2025\/11\/2025-11-04-Medi-Market_A.-Delsoir-Photo2309Web.webp&#8221; global_colors_info=&#8221;{}&#8221;][et_pb_divider show_divider=&#8221;off&#8221; _builder_version=&#8221;4.27.4&#8243; _module_preset=&#8221;e40510a5-e3c2-4511-b85c-d0e18452625d&#8221; locked=&#8221;off&#8221; global_colors_info=&#8221;{}&#8221;][\/et_pb_divider][\/et_pb_column][et_pb_column type=&#8221;2_3&#8243; _builder_version=&#8221;4.27.4&#8243; _module_preset=&#8221;default&#8221; global_colors_info=&#8221;{}&#8221;][et_pb_text _builder_version=&#8221;4.27.4&#8243; _module_preset=&#8221;default&#8221; text_orientation=&#8221;center&#8221; max_width=&#8221;850px&#8221; module_alignment=&#8221;center&#8221; global_colors_info=&#8221;{}&#8221;]<\/p>\n<h2>A comprehensive approach, integrated into our health network<\/h2>\n<p>Designed to directly complement our <strong>network of parapharmacies, pharmacies and digital platforms<\/strong>, the Institut by Medi-Market offers not only <strong>aesthetic treatments overseen by professionals<\/strong> but also <strong>personalised dietary consultations.<\/strong> These services focus on weight management, dietary balance and nutritional follow-up during key life phases (pregnancy, sports activities, dietary or pathological transitions).<\/p>\n<p>[\/et_pb_text][\/et_pb_column][\/et_pb_row][et_pb_row column_structure=&#8221;2_3,1_3&#8243; _builder_version=&#8221;4.27.4&#8243; _module_preset=&#8221;f2224794-3e34-4e6a-835c-79610dd4d053&#8243; locked=&#8221;off&#8221; global_colors_info=&#8221;{}&#8221;][et_pb_column type=&#8221;2_3&#8243; _builder_version=&#8221;4.27.4&#8243; _module_preset=&#8221;default&#8221; global_colors_info=&#8221;{}&#8221;][et_pb_text _builder_version=&#8221;4.27.4&#8243; _module_preset=&#8221;default&#8221; text_orientation=&#8221;center&#8221; max_width=&#8221;750px&#8221; module_alignment=&#8221;center&#8221; global_colors_info=&#8221;{}&#8221;]<\/p>\n<h2>A care vision rooted in overall health<\/h2>\n<p>Through the Institut, Medi-Market continues its commitment to putting <strong>health at the heart of all of its activities<\/strong>. Every treatment or service is aimed at improving our clients\u2019 quality of life by combining technology, human expertise and accessibility.<\/p>\n<p>[\/et_pb_text][et_pb_button button_url=&#8221;https:\/\/institut.medi-market.be\/&#8221; url_new_window=&#8221;on&#8221; button_text=&#8221;Find more information on the dedicated website&#8221; button_alignment=&#8221;center&#8221; _builder_version=&#8221;4.27.4&#8243; _module_preset=&#8221;default&#8221; global_colors_info=&#8221;{}&#8221;][\/et_pb_button][\/et_pb_column][et_pb_column type=&#8221;1_3&#8243; _builder_version=&#8221;4.27.4&#8243; _module_preset=&#8221;32ee7a8d-ac44-4577-9c34-c7f6df1113d0&#8243; background_image=&#8221;https:\/\/www.medi-market-group.com\/wp-content\/uploads\/2025\/11\/HOMEPAGE-philosophie4_institu.webp&#8221; global_colors_info=&#8221;{}&#8221;][et_pb_divider show_divider=&#8221;off&#8221; _builder_version=&#8221;4.27.4&#8243; _module_preset=&#8221;e40510a5-e3c2-4511-b85c-d0e18452625d&#8221; locked=&#8221;off&#8221; global_colors_info=&#8221;{}&#8221;][\/et_pb_divider][\/et_pb_column][\/et_pb_row][\/et_pb_section]<\/p>\n","protected":false},"excerpt":{"rendered":"<p>The Institut by Medi-MarketAn integrated health &amp; well-being approach to the customer journey Opened in 2018, our first institute laid the foundation for an innovative approach to aesthetic and preventive care. True to our DNA, it reflects our ongoing commitment to expand our mission: making health and well-being accessible to everyone. The Institut by Medi-Market combines the expertise of qualified specialists with advanced aesthetic technologies to offer effective treatments that are accessible to all. Today, Medi-Market has 9 institutes in Belgium, confirming our clients\u2019 interest in expert, accessible care integrated into their health journey.A comprehensive approach, integrated into our health network Designed to directly complement our network of parapharmacies, pharmacies and digital platforms, the Institut by Medi-Market offers not only aesthetic treatments overseen by professionals but also personalised dietary consultations. These services focus on weight management, dietary balance and nutritional follow-up during key life phases (pregnancy, sports activities, dietary or pathological transitions).A care vision rooted in overall health Through the Institut, Medi-Market continues its commitment to putting health at the heart of all of its activities. Every treatment or service is aimed at improving our clients\u2019 quality of life by combining technology, human expertise and accessibility.<\/p>\n","protected":false},"author":1,"featured_media":0,"parent":0,"menu_order":80,"comment_status":"closed","ping_status":"closed","template":"","meta":{"_et_pb_use_builder":"on","_et_pb_old_content":"","_et_gb_content_width":"","footnotes":""},"class_list":["post-2903","page","type-page","status-publish","hentry"],"yoast_head":"<!-- This site is optimized with the Yoast SEO plugin v27.5 - https:\/\/yoast.com\/product\/yoast-seo-wordpress\/ -->\n<title>The Institut by Medi-Market Group \u2013 Accessible Care, Slimming and Well-being<\/title>\n<meta name=\"description\" content=\"Expert body and facial treatments, laser hair removal. Medi-Market institutes in Belgium, at the heart of your health journey.\" \/>\n<meta name=\"robots\" content=\"index, follow, max-snippet:-1, max-image-preview:large, max-video-preview:-1\" \/>\n<link rel=\"canonical\" href=\"https:\/\/www.medi-market-group.com\/en\/our-instituts\/\" \/>\n<meta property=\"og:locale\" content=\"en_US\" \/>\n<meta property=\"og:type\" content=\"article\" \/>\n<meta property=\"og:title\" content=\"The Institut by Medi-Market Group \u2013 Accessible Care, Slimming and Well-being\" \/>\n<meta property=\"og:description\" content=\"Expert body and facial treatments, laser hair removal. Medi-Market institutes in Belgium, at the heart of your health journey.\" \/>\n<meta property=\"og:url\" content=\"https:\/\/www.medi-market-group.com\/en\/our-instituts\/\" \/>\n<meta property=\"og:site_name\" content=\"Medi-Market Group\" \/>\n<meta property=\"article:modified_time\" content=\"2025-12-01T11:25:37+00:00\" \/>\n<meta name=\"twitter:card\" content=\"summary_large_image\" \/>\n<meta name=\"twitter:label1\" content=\"Est. reading time\" \/>\n\t<meta name=\"twitter:data1\" content=\"2 minutes\" \/>\n<script type=\"application\/ld+json\" class=\"yoast-schema-graph\">{\"@context\":\"https:\\\/\\\/schema.org\",\"@graph\":[{\"@type\":\"WebPage\",\"@id\":\"https:\\\/\\\/www.medi-market-group.com\\\/en\\\/our-instituts\\\/\",\"url\":\"https:\\\/\\\/www.medi-market-group.com\\\/en\\\/our-instituts\\\/\",\"name\":\"The Institut by Medi-Market Group \u2013 Accessible Care, Slimming and Well-being\",\"isPartOf\":{\"@id\":\"https:\\\/\\\/www.medi-market-group.com\\\/en\\\/#website\"},\"datePublished\":\"2025-08-04T06:37:50+00:00\",\"dateModified\":\"2025-12-01T11:25:37+00:00\",\"description\":\"Expert body and facial treatments, laser hair removal. Medi-Market institutes in Belgium, at the heart of your health journey.\",\"breadcrumb\":{\"@id\":\"https:\\\/\\\/www.medi-market-group.com\\\/en\\\/our-instituts\\\/#breadcrumb\"},\"inLanguage\":\"en-US\",\"potentialAction\":[{\"@type\":\"ReadAction\",\"target\":[\"https:\\\/\\\/www.medi-market-group.com\\\/en\\\/our-instituts\\\/\"]}]},{\"@type\":\"BreadcrumbList\",\"@id\":\"https:\\\/\\\/www.medi-market-group.com\\\/en\\\/our-instituts\\\/#breadcrumb\",\"itemListElement\":[{\"@type\":\"ListItem\",\"position\":1,\"name\":\"Accueil\",\"item\":\"https:\\\/\\\/www.medi-market-group.com\\\/en\\\/\"},{\"@type\":\"ListItem\",\"position\":2,\"name\":\"Our instituts\"}]},{\"@type\":\"WebSite\",\"@id\":\"https:\\\/\\\/www.medi-market-group.com\\\/en\\\/#website\",\"url\":\"https:\\\/\\\/www.medi-market-group.com\\\/en\\\/\",\"name\":\"Medi-Market Group\",\"description\":\"\",\"potentialAction\":[{\"@type\":\"SearchAction\",\"target\":{\"@type\":\"EntryPoint\",\"urlTemplate\":\"https:\\\/\\\/www.medi-market-group.com\\\/en\\\/?s={search_term_string}\"},\"query-input\":{\"@type\":\"PropertyValueSpecification\",\"valueRequired\":true,\"valueName\":\"search_term_string\"}}],\"inLanguage\":\"en-US\"}]}<\/script>\n<!-- \/ Yoast SEO plugin. -->","yoast_head_json":{"title":"The Institut by Medi-Market Group \u2013 Accessible Care, Slimming and Well-being","description":"Expert body and facial treatments, laser hair removal. Medi-Market institutes in Belgium, at the heart of your health journey.","robots":{"index":"index","follow":"follow","max-snippet":"max-snippet:-1","max-image-preview":"max-image-preview:large","max-video-preview":"max-video-preview:-1"},"canonical":"https:\/\/www.medi-market-group.com\/en\/our-instituts\/","og_locale":"en_US","og_type":"article","og_title":"The Institut by Medi-Market Group \u2013 Accessible Care, Slimming and Well-being","og_description":"Expert body and facial treatments, laser hair removal. Medi-Market institutes in Belgium, at the heart of your health journey.","og_url":"https:\/\/www.medi-market-group.com\/en\/our-instituts\/","og_site_name":"Medi-Market Group","article_modified_time":"2025-12-01T11:25:37+00:00","twitter_card":"summary_large_image","twitter_misc":{"Est. reading time":"2 minutes"},"schema":{"@context":"https:\/\/schema.org","@graph":[{"@type":"WebPage","@id":"https:\/\/www.medi-market-group.com\/en\/our-instituts\/","url":"https:\/\/www.medi-market-group.com\/en\/our-instituts\/","name":"The Institut by Medi-Market Group \u2013 Accessible Care, Slimming and Well-being","isPartOf":{"@id":"https:\/\/www.medi-market-group.com\/en\/#website"},"datePublished":"2025-08-04T06:37:50+00:00","dateModified":"2025-12-01T11:25:37+00:00","description":"Expert body and facial treatments, laser hair removal. Medi-Market institutes in Belgium, at the heart of your health journey.","breadcrumb":{"@id":"https:\/\/www.medi-market-group.com\/en\/our-instituts\/#breadcrumb"},"inLanguage":"en-US","potentialAction":[{"@type":"ReadAction","target":["https:\/\/www.medi-market-group.com\/en\/our-instituts\/"]}]},{"@type":"BreadcrumbList","@id":"https:\/\/www.medi-market-group.com\/en\/our-instituts\/#breadcrumb","itemListElement":[{"@type":"ListItem","position":1,"name":"Accueil","item":"https:\/\/www.medi-market-group.com\/en\/"},{"@type":"ListItem","position":2,"name":"Our instituts"}]},{"@type":"WebSite","@id":"https:\/\/www.medi-market-group.com\/en\/#website","url":"https:\/\/www.medi-market-group.com\/en\/","name":"Medi-Market Group","description":"","potentialAction":[{"@type":"SearchAction","target":{"@type":"EntryPoint","urlTemplate":"https:\/\/www.medi-market-group.com\/en\/?s={search_term_string}"},"query-input":{"@type":"PropertyValueSpecification","valueRequired":true,"valueName":"search_term_string"}}],"inLanguage":"en-US"}]}},"_links":{"self":[{"href":"https:\/\/www.medi-market-group.com\/en\/wp-json\/wp\/v2\/pages\/2903","targetHints":{"allow":["GET"]}}],"collection":[{"href":"https:\/\/www.medi-market-group.com\/en\/wp-json\/wp\/v2\/pages"}],"about":[{"href":"https:\/\/www.medi-market-group.com\/en\/wp-json\/wp\/v2\/types\/page"}],"author":[{"embeddable":true,"href":"https:\/\/www.medi-market-group.com\/en\/wp-json\/wp\/v2\/users\/1"}],"replies":[{"embeddable":true,"href":"https:\/\/www.medi-market-group.com\/en\/wp-json\/wp\/v2\/comments?post=2903"}],"version-history":[{"count":6,"href":"https:\/\/www.medi-market-group.com\/en\/wp-json\/wp\/v2\/pages\/2903\/revisions"}],"predecessor-version":[{"id":4098,"href":"https:\/\/www.medi-market-group.com\/en\/wp-json\/wp\/v2\/pages\/2903\/revisions\/4098"}],"wp:attachment":[{"href":"https:\/\/www.medi-market-group.com\/en\/wp-json\/wp\/v2\/media?parent=2903"}],"curies":[{"name":"wp","href":"https:\/\/api.w.org\/{rel}","templated":true}]}}