{"id":2769,"date":"2022-08-19T14:10:33","date_gmt":"2022-08-19T12:10:33","guid":{"rendered":"https:\/\/medi-market-group.poush-dev.be\/mentions-legales\/"},"modified":"2025-11-26T09:13:30","modified_gmt":"2025-11-26T08:13:30","slug":"wettelijke-vermeldingen","status":"publish","type":"page","link":"https:\/\/www.medi-market-group.com\/nl\/wettelijke-vermeldingen\/","title":{"rendered":"Wettelijke vermeldingen"},"content":{"rendered":"<p>[et_pb_section fb_built=&#8221;1&#8243; _builder_version=&#8221;4.16&#8243; global_colors_info=&#8221;{}&#8221;][et_pb_row _builder_version=&#8221;4.16&#8243; background_size=&#8221;initial&#8221; background_position=&#8221;top_left&#8221; background_repeat=&#8221;repeat&#8221; global_colors_info=&#8221;{}&#8221;][et_pb_column type=&#8221;4_4&#8243; _builder_version=&#8221;4.16&#8243; custom_padding=&#8221;|||&#8221; global_colors_info=&#8221;{}&#8221; custom_padding__hover=&#8221;|||&#8221;][et_pb_text _builder_version=&#8221;4.27.4&#8243; background_size=&#8221;initial&#8221; background_position=&#8221;top_left&#8221; background_repeat=&#8221;repeat&#8221; hover_enabled=&#8221;0&#8243; global_colors_info=&#8221;{}&#8221; sticky_enabled=&#8221;0&#8243;]<\/p>\n<h1>Wettelijke vermeldingen<\/h1>\n<h2>Informatie<\/h2>\n<p>Medi-Market Group S.A.<br \/>Hoofdzetel: Chauss\u00e9e de Louvain 479, 1380 Lasne, Belgi\u00eb<br \/>Ondernemingsnummer: 0543.409.935<br \/>Verantwoordelijke uitgever: C\u00e9dric Antoine<\/p>\n<p>&nbsp;<\/p>\n<h2>Aansprakelijkheidsclausule<\/h2>\n<p>De door Medi-Market Group online geplaatste informatie is uitsluitend bedoeld voor priv\u00e9gebruik en elk ander gebruik is verboden. Medi-Market Group garandeert op geen enkele manier de juistheid van de verstrekte informatie en kan daarom niet aansprakelijk worden gesteld voor de inhoud van deze informatie of het gebruik ervan. In het algemeen kan Medi-Market Group niet aansprakelijk worden gesteld voor directe of indirecte schade die voortvloeit uit het gebruik van deze website.<\/p>\n<p>&nbsp;<\/p>\n<h2>Intellectueel eigendom<\/h2>\n<p>Alle inhoud op de website medi-market-group.be is eigendom van Medi-Market Group en wordt beschermd door het intellectuele eigendomsrecht. Het reproduceren van het geheel of een deel van deze website, of enig ander gebruik, is strikt verboden zonder voorafgaande schriftelijke toestemming van Medi-Market Group S.A.<\/p>\n<p>[\/et_pb_text][\/et_pb_column][\/et_pb_row][\/et_pb_section]<\/p>\n","protected":false},"excerpt":{"rendered":"<p>Wettelijke vermeldingen Informatie Medi-Market Group S.A.Hoofdzetel: Chauss\u00e9e de Louvain 479, 1380 Lasne, Belgi\u00ebOndernemingsnummer: 0543.409.935Verantwoordelijke uitgever: C\u00e9dric Antoine &nbsp; Aansprakelijkheidsclausule De door Medi-Market Group online geplaatste informatie is uitsluitend bedoeld voor priv\u00e9gebruik en elk ander gebruik is verboden. Medi-Market Group garandeert op geen enkele manier de juistheid van de verstrekte informatie en kan daarom niet aansprakelijk worden gesteld voor de inhoud van deze informatie of het gebruik ervan. In het algemeen kan Medi-Market Group niet aansprakelijk worden gesteld voor directe of indirecte schade die voortvloeit uit het gebruik van deze website. &nbsp; Intellectueel eigendom Alle inhoud op de website medi-market-group.be is eigendom van Medi-Market Group en wordt beschermd door het intellectuele eigendomsrecht. Het reproduceren van het geheel of een deel van deze website, of enig ander gebruik, is strikt verboden zonder voorafgaande schriftelijke toestemming van Medi-Market Group S.A.<\/p>\n","protected":false},"author":1,"featured_media":0,"parent":0,"menu_order":1000,"comment_status":"closed","ping_status":"closed","template":"","meta":{"_et_pb_use_builder":"on","_et_pb_old_content":"<h1><span style=\"font-weight: 400;\">Mentions l\u00e9gales<\/span><\/h1><h2><span style=\"font-weight: 400;\">\u00a0<\/span><\/h2><h2><span style=\"font-weight: 400;\">Qui sommes-nous ?<\/span><\/h2><p><span style=\"font-weight: 400;\">\u00a0<\/span><\/p><p><span style=\"font-weight: 400;\">Medi-Market Group S.A. (ex Medicare-Market S.A.)<\/span><\/p><p><span style=\"font-weight: 400;\">Entreprise belge active dans les secteurs de la pharmacie et de la parapharmacie.<\/span><\/p><p><span style=\"font-weight: 400;\">\u00a0<\/span><\/p><p><b>Mission<\/b><\/p><p><span style=\"font-weight: 400;\">D\u00e9mocratiser l'expertise sant\u00e9 & bien-\u00eatre<\/span><\/p><p><span style=\"font-weight: 400;\">\u00a0<\/span><\/p><p><span style=\"font-weight: 400;\">\u00a0<\/span><\/p><p><b>Contact<\/b><\/p><p><span style=\"font-weight: 400;\">Medi-Market Group S.A. (ex Medicare-Market S.A.)<\/span><\/p><p><span style=\"font-weight: 400;\">Si\u00e8ge social : 479 Chauss\u00e9e de Louvain, 1380 Lasne, Belgique<\/span><\/p><p><span style=\"font-weight: 400;\">\u00a0<\/span><\/p><p><span style=\"font-weight: 400;\">[TELEPHONE]<\/span><\/p><p><span style=\"font-weight: 400;\">support-fr@medi-market.be<\/span><\/p><p><span style=\"font-weight: 400;\">N\u00b0 Entreprise : 0543.409.935<\/span><\/p><p><span style=\"font-weight: 400;\">\u00a0<\/span><\/p><p><span style=\"font-weight: 400;\">Medi-Market Group S.A. (ex Medicare-Market S.A.) s\u2019engage \u00e0 respecter la l\u00e9gislation en vigueur en Belgique et en Europe et met tout en \u0153uvre afin d\u2019emp\u00eacher tout usage non autoris\u00e9 ou illicite de vos donn\u00e9es personnelles. \u00c0 cette fin, nous utilisons des proc\u00e9dures et des syst\u00e8mes appropri\u00e9s pour que seules les personnes qui y sont autoris\u00e9es puissent acc\u00e9der \u00e0 vos informations. En outre, nous vous rappelons que ces personnes sont tenues \u00e0 un devoir de confidentialit\u00e9 dans le cadre de leur fonction.<\/span><\/p>","_et_gb_content_width":"","footnotes":""},"class_list":["post-2769","page","type-page","status-publish","hentry"],"yoast_head":"<!-- This site is optimized with the Yoast SEO plugin v27.3 - https:\/\/yoast.com\/product\/yoast-seo-wordpress\/ -->\n<title>Wettelijke vermeldingen | Medi-Market Group<\/title>\n<meta name=\"description\" content=\"Alle inhoud op de website medi-market-group.be is eigendom van Medi-Market Group en wordt beschermd door het intellectuele eigendomsrecht.\" \/>\n<meta name=\"robots\" content=\"index, follow, max-snippet:-1, max-image-preview:large, max-video-preview:-1\" \/>\n<link rel=\"canonical\" href=\"https:\/\/www.medi-market-group.com\/nl\/wettelijke-vermeldingen\/\" \/>\n<meta property=\"og:locale\" content=\"nl_NL\" \/>\n<meta property=\"og:type\" content=\"article\" \/>\n<meta property=\"og:title\" content=\"Wettelijke vermeldingen | Medi-Market Group\" \/>\n<meta property=\"og:description\" content=\"Alle inhoud op de website medi-market-group.be is eigendom van Medi-Market Group en wordt beschermd door het intellectuele eigendomsrecht.\" \/>\n<meta property=\"og:url\" content=\"https:\/\/www.medi-market-group.com\/nl\/wettelijke-vermeldingen\/\" \/>\n<meta property=\"og:site_name\" content=\"Medi-Market Group\" \/>\n<meta property=\"article:modified_time\" content=\"2025-11-26T08:13:30+00:00\" \/>\n<meta name=\"twitter:card\" content=\"summary_large_image\" \/>\n<meta name=\"twitter:label1\" content=\"Geschatte leestijd\" \/>\n\t<meta name=\"twitter:data1\" content=\"1 minuut\" \/>\n<script type=\"application\/ld+json\" class=\"yoast-schema-graph\">{\"@context\":\"https:\\\/\\\/schema.org\",\"@graph\":[{\"@type\":\"WebPage\",\"@id\":\"https:\\\/\\\/www.medi-market-group.com\\\/nl\\\/wettelijke-vermeldingen\\\/\",\"url\":\"https:\\\/\\\/www.medi-market-group.com\\\/nl\\\/wettelijke-vermeldingen\\\/\",\"name\":\"Wettelijke vermeldingen | Medi-Market Group\",\"isPartOf\":{\"@id\":\"https:\\\/\\\/www.medi-market-group.com\\\/nl\\\/#website\"},\"datePublished\":\"2022-08-19T12:10:33+00:00\",\"dateModified\":\"2025-11-26T08:13:30+00:00\",\"description\":\"Alle inhoud op de website medi-market-group.be is eigendom van Medi-Market Group en wordt beschermd door het intellectuele eigendomsrecht.\",\"breadcrumb\":{\"@id\":\"https:\\\/\\\/www.medi-market-group.com\\\/nl\\\/wettelijke-vermeldingen\\\/#breadcrumb\"},\"inLanguage\":\"nl-NL\",\"potentialAction\":[{\"@type\":\"ReadAction\",\"target\":[\"https:\\\/\\\/www.medi-market-group.com\\\/nl\\\/wettelijke-vermeldingen\\\/\"]}]},{\"@type\":\"BreadcrumbList\",\"@id\":\"https:\\\/\\\/www.medi-market-group.com\\\/nl\\\/wettelijke-vermeldingen\\\/#breadcrumb\",\"itemListElement\":[{\"@type\":\"ListItem\",\"position\":1,\"name\":\"Accueil\",\"item\":\"https:\\\/\\\/www.medi-market-group.com\\\/nl\\\/\"},{\"@type\":\"ListItem\",\"position\":2,\"name\":\"Wettelijke vermeldingen\"}]},{\"@type\":\"WebSite\",\"@id\":\"https:\\\/\\\/www.medi-market-group.com\\\/nl\\\/#website\",\"url\":\"https:\\\/\\\/www.medi-market-group.com\\\/nl\\\/\",\"name\":\"Medi-Market Group\",\"description\":\"\",\"potentialAction\":[{\"@type\":\"SearchAction\",\"target\":{\"@type\":\"EntryPoint\",\"urlTemplate\":\"https:\\\/\\\/www.medi-market-group.com\\\/nl\\\/?s={search_term_string}\"},\"query-input\":{\"@type\":\"PropertyValueSpecification\",\"valueRequired\":true,\"valueName\":\"search_term_string\"}}],\"inLanguage\":\"nl-NL\"}]}<\/script>\n<!-- \/ Yoast SEO plugin. -->","yoast_head_json":{"title":"Wettelijke vermeldingen | Medi-Market Group","description":"Alle inhoud op de website medi-market-group.be is eigendom van Medi-Market Group en wordt beschermd door het intellectuele eigendomsrecht.","robots":{"index":"index","follow":"follow","max-snippet":"max-snippet:-1","max-image-preview":"max-image-preview:large","max-video-preview":"max-video-preview:-1"},"canonical":"https:\/\/www.medi-market-group.com\/nl\/wettelijke-vermeldingen\/","og_locale":"nl_NL","og_type":"article","og_title":"Wettelijke vermeldingen | Medi-Market Group","og_description":"Alle inhoud op de website medi-market-group.be is eigendom van Medi-Market Group en wordt beschermd door het intellectuele eigendomsrecht.","og_url":"https:\/\/www.medi-market-group.com\/nl\/wettelijke-vermeldingen\/","og_site_name":"Medi-Market Group","article_modified_time":"2025-11-26T08:13:30+00:00","twitter_card":"summary_large_image","twitter_misc":{"Geschatte leestijd":"1 minuut"},"schema":{"@context":"https:\/\/schema.org","@graph":[{"@type":"WebPage","@id":"https:\/\/www.medi-market-group.com\/nl\/wettelijke-vermeldingen\/","url":"https:\/\/www.medi-market-group.com\/nl\/wettelijke-vermeldingen\/","name":"Wettelijke vermeldingen | Medi-Market Group","isPartOf":{"@id":"https:\/\/www.medi-market-group.com\/nl\/#website"},"datePublished":"2022-08-19T12:10:33+00:00","dateModified":"2025-11-26T08:13:30+00:00","description":"Alle inhoud op de website medi-market-group.be is eigendom van Medi-Market Group en wordt beschermd door het intellectuele eigendomsrecht.","breadcrumb":{"@id":"https:\/\/www.medi-market-group.com\/nl\/wettelijke-vermeldingen\/#breadcrumb"},"inLanguage":"nl-NL","potentialAction":[{"@type":"ReadAction","target":["https:\/\/www.medi-market-group.com\/nl\/wettelijke-vermeldingen\/"]}]},{"@type":"BreadcrumbList","@id":"https:\/\/www.medi-market-group.com\/nl\/wettelijke-vermeldingen\/#breadcrumb","itemListElement":[{"@type":"ListItem","position":1,"name":"Accueil","item":"https:\/\/www.medi-market-group.com\/nl\/"},{"@type":"ListItem","position":2,"name":"Wettelijke vermeldingen"}]},{"@type":"WebSite","@id":"https:\/\/www.medi-market-group.com\/nl\/#website","url":"https:\/\/www.medi-market-group.com\/nl\/","name":"Medi-Market Group","description":"","potentialAction":[{"@type":"SearchAction","target":{"@type":"EntryPoint","urlTemplate":"https:\/\/www.medi-market-group.com\/nl\/?s={search_term_string}"},"query-input":{"@type":"PropertyValueSpecification","valueRequired":true,"valueName":"search_term_string"}}],"inLanguage":"nl-NL"}]}},"_links":{"self":[{"href":"https:\/\/www.medi-market-group.com\/nl\/wp-json\/wp\/v2\/pages\/2769","targetHints":{"allow":["GET"]}}],"collection":[{"href":"https:\/\/www.medi-market-group.com\/nl\/wp-json\/wp\/v2\/pages"}],"about":[{"href":"https:\/\/www.medi-market-group.com\/nl\/wp-json\/wp\/v2\/types\/page"}],"author":[{"embeddable":true,"href":"https:\/\/www.medi-market-group.com\/nl\/wp-json\/wp\/v2\/users\/1"}],"replies":[{"embeddable":true,"href":"https:\/\/www.medi-market-group.com\/nl\/wp-json\/wp\/v2\/comments?post=2769"}],"version-history":[{"count":2,"href":"https:\/\/www.medi-market-group.com\/nl\/wp-json\/wp\/v2\/pages\/2769\/revisions"}],"predecessor-version":[{"id":2773,"href":"https:\/\/www.medi-market-group.com\/nl\/wp-json\/wp\/v2\/pages\/2769\/revisions\/2773"}],"wp:attachment":[{"href":"https:\/\/www.medi-market-group.com\/nl\/wp-json\/wp\/v2\/media?parent=2769"}],"curies":[{"name":"wp","href":"https:\/\/api.w.org\/{rel}","templated":true}]}}