{"id":2845,"date":"2025-08-04T08:35:20","date_gmt":"2025-08-04T06:35:20","guid":{"rendered":"https:\/\/medi-market-group.poush-dev.be\/nos-engagements\/"},"modified":"2025-12-01T15:52:38","modified_gmt":"2025-12-01T14:52:38","slug":"onze-engagementen","status":"publish","type":"page","link":"https:\/\/www.medi-market-group.com\/nl\/onze-engagementen\/","title":{"rendered":"Onze engagementen"},"content":{"rendered":"<p>[et_pb_section fb_built=&#8221;1&#8243; _builder_version=&#8221;4.27.4&#8243; _module_preset=&#8221;default&#8221; background_color=&#8221;gcid-169d53ee-a668-4e75-9ecd-09cb439115ce&#8221; custom_padding=&#8221;0px|20px|0px|20px|true|true&#8221; global_colors_info=&#8221;{%22gcid-169d53ee-a668-4e75-9ecd-09cb439115ce%22:%91%22background_color%22%93}&#8221;][et_pb_row _builder_version=&#8221;4.27.4&#8243; _module_preset=&#8221;7a118687-3fdc-4371-ae36-4cf0afc13fbe&#8221; background_image=&#8221;https:\/\/www.medi-market-group.com\/wp-content\/uploads\/2025\/11\/ADE_1776HD.webp&#8221; hover_enabled=&#8221;0&#8243; global_colors_info=&#8221;{}&#8221; title_text=&#8221;ADE_1776HD&#8221; background_position=&#8221;center&#8221; sticky_enabled=&#8221;0&#8243;][et_pb_column type=&#8221;4_4&#8243; _builder_version=&#8221;4.27.4&#8243; _module_preset=&#8221;default&#8221; global_colors_info=&#8221;{}&#8221;][et_pb_text admin_label=&#8221;Text&#8221; _builder_version=&#8221;4.27.4&#8243; _module_preset=&#8221;5298e62e-f7ac-4dd9-b361-006fc4da68de&#8221; background_size=&#8221;initial&#8221; background_position=&#8221;top_left&#8221; background_repeat=&#8221;repeat&#8221; background_layout=&#8221;dark&#8221; max_width=&#8221;750px&#8221; custom_margin=&#8221;||0px||false|false&#8221; header_text_shadow_style=&#8221;preset3&#8243; header_text_shadow_blur_strength=&#8221;0.8em&#8221; global_colors_info=&#8221;{}&#8221;]<\/p>\n<h1>Onze engagementen<\/h1>\n<p>[\/et_pb_text][\/et_pb_column][\/et_pb_row][\/et_pb_section][et_pb_section fb_built=&#8221;1&#8243; _builder_version=&#8221;4.27.4&#8243; _module_preset=&#8221;default&#8221; background_color=&#8221;gcid-169d53ee-a668-4e75-9ecd-09cb439115ce&#8221; global_colors_info=&#8221;{%22gcid-169d53ee-a668-4e75-9ecd-09cb439115ce%22:%91%22background_color%22%93}&#8221;][et_pb_row column_structure=&#8221;3_5,2_5&#8243; _builder_version=&#8221;4.27.4&#8243; _module_preset=&#8221;f2224794-3e34-4e6a-835c-79610dd4d053&#8243; locked=&#8221;off&#8221; global_colors_info=&#8221;{}&#8221;][et_pb_column type=&#8221;3_5&#8243; _builder_version=&#8221;4.27.4&#8243; _module_preset=&#8221;default&#8221; global_colors_info=&#8221;{}&#8221;][et_pb_text _builder_version=&#8221;4.27.4&#8243; _module_preset=&#8221;default&#8221; text_orientation=&#8221;center&#8221; max_width=&#8221;900px&#8221; module_alignment=&#8221;center&#8221; global_colors_info=&#8221;{}&#8221;]<\/p>\n<h2>Onze actie staan centraal in de gezondheidsmissie<\/h2>\n<p>Bij Medi-Market is het onze ambitie om een <strong><a href=\"https:\/\/www.medi-market-group.com\/nl\/onze-visie-voor-morgen\/\">sleutelrol te spelen in gezondheid en welzijn<\/a>. <\/strong>We willen duurzaam bijdragen aan een betere levenskwaliteit voor iedereen. Deze ambitie gaat verder dan onze producten en diensten: ze vertaalt zich in <strong>concrete betrokkenheid en acties met echte maatschappelijke impact.<\/strong><\/p>\n<p>Als verantwoordelijke onderneming steunen we duurzame sociale initiatieven en betrekken we onze medewerkers via:<\/p>\n<ul>\n<li style=\"text-align: left;\">Strategische partnerschappen<\/li>\n<li style=\"text-align: left;\">Solidariteitsacties<\/li>\n<li style=\"text-align: left;\">Interne programma\u2019s rond welzijn en activering<\/li>\n<\/ul>\n<p>[\/et_pb_text][\/et_pb_column][et_pb_column type=&#8221;2_5&#8243; _builder_version=&#8221;4.27.4&#8243; _module_preset=&#8221;32ee7a8d-ac44-4577-9c34-c7f6df1113d0&#8243; background_image=&#8221;https:\/\/www.medi-market-group.com\/wp-content\/uploads\/2025\/11\/city-concorde.webp&#8221; global_colors_info=&#8221;{}&#8221;][et_pb_divider show_divider=&#8221;off&#8221; _builder_version=&#8221;4.27.4&#8243; _module_preset=&#8221;e40510a5-e3c2-4511-b85c-d0e18452625d&#8221; locked=&#8221;off&#8221; global_colors_info=&#8221;{}&#8221;][\/et_pb_divider][\/et_pb_column][\/et_pb_row][et_pb_row column_structure=&#8221;2_5,3_5&#8243; module_class=&#8221;custom-mobile-vertical-reverse&#8221; _builder_version=&#8221;4.27.4&#8243; _module_preset=&#8221;f2224794-3e34-4e6a-835c-79610dd4d053&#8243; locked=&#8221;off&#8221; global_colors_info=&#8221;{}&#8221;][et_pb_column type=&#8221;2_5&#8243; _builder_version=&#8221;4.27.4&#8243; _module_preset=&#8221;32ee7a8d-ac44-4577-9c34-c7f6df1113d0&#8243; background_image=&#8221;https:\/\/www.medi-market-group.com\/wp-content\/uploads\/2025\/11\/2025-11-04-Medi-Market_A.-Delsoir-Photo2239Web-2.webp&#8221; global_colors_info=&#8221;{}&#8221;][et_pb_divider show_divider=&#8221;off&#8221; _builder_version=&#8221;4.27.4&#8243; _module_preset=&#8221;e40510a5-e3c2-4511-b85c-d0e18452625d&#8221; locked=&#8221;off&#8221; global_colors_info=&#8221;{}&#8221;][\/et_pb_divider][\/et_pb_column][et_pb_column type=&#8221;3_5&#8243; _builder_version=&#8221;4.27.4&#8243; _module_preset=&#8221;default&#8221; custom_padding_last_edited=&#8221;off|phone&#8221; global_colors_info=&#8221;{}&#8221;][et_pb_text _builder_version=&#8221;4.27.4&#8243; _module_preset=&#8221;default&#8221; text_orientation=&#8221;center&#8221; custom_margin=&#8221;||15px||false|false&#8221; locked=&#8221;off&#8221; global_colors_info=&#8221;{}&#8221;]<\/p>\n<h2>Een partnerschap met Pink Ribbon Belgium<\/h2>\n<p>Sinds 2023 is Medi-Market trots om <strong>hoofdsponsor te zijn van <a href=\"https:\/\/pink-ribbon.be\/nl\/\" target=\"_blank\" rel=\"noopener\">Pink Ribbon Belgium<\/a><\/strong>, een <strong>erkende organisatie in de strijd tegen borstkanker<\/strong>. We ondersteunen Pink Ribbon actief via een <strong>jaarlijkse bijdrage <\/strong>en de<strong> verkoop van Pink Ribbon-lintjes en -armbanden <\/strong>tijdens Pink October in al onze verkooppunten in de Benelux. Elk jaar neemt onze CEO actief deel aan de jaarlijkse persconferentie van de organisatie, waarmee we onze rol als ambassadeur van deze belangrijke zaak versterken.<\/p>\n<p>[\/et_pb_text][et_pb_text _builder_version=&#8221;4.27.4&#8243; _module_preset=&#8221;2ea8d798-60d9-49ff-8bbe-31469aa37cfe&#8221; custom_margin=&#8221;||0px||false|false&#8221; locked=&#8221;off&#8221; global_colors_info=&#8221;{}&#8221;]<\/p>\n<p>Pink Ribbon Belgium is een referentieorganisatie in de strijd tegen borstkanker. Ze werkt op twee fronten: het aantal gevallen verminderen via preventiecampagnes en de levenskwaliteit verbeteren van mensen die getroffen zijn door de ziekte.<\/p>\n<p>[\/et_pb_text][\/et_pb_column][\/et_pb_row][et_pb_row column_structure=&#8221;3_5,2_5&#8243; _builder_version=&#8221;4.27.4&#8243; _module_preset=&#8221;f2224794-3e34-4e6a-835c-79610dd4d053&#8243; locked=&#8221;off&#8221; global_colors_info=&#8221;{}&#8221;][et_pb_column type=&#8221;3_5&#8243; _builder_version=&#8221;4.27.4&#8243; _module_preset=&#8221;default&#8221; global_colors_info=&#8221;{}&#8221;][et_pb_text _builder_version=&#8221;4.27.4&#8243; _module_preset=&#8221;default&#8221; text_orientation=&#8221;center&#8221; max_width=&#8221;900px&#8221; module_alignment=&#8221;center&#8221; global_colors_info=&#8221;{}&#8221;]<\/p>\n<h2>Collectieve mobilisatie<\/h2>\n<p>Naast onze steun aan Pink Ribbon zet Medi-Market zich actief in voor tal van sociale en solidaire initiatieven. Zo nemen we deel aan <strong>bloedinzamelingen<\/strong> <strong>met het Rode Kruis in Belgi\u00eb<\/strong>, ondersteunen we <strong>vrijwilligerswerk met het Rode Kruis<\/strong> in Itali\u00eb en bieden we <strong>financi\u00eble hulp aan getroffen bevolkingsgroepen<\/strong>, zoals in Oekra\u00efne.<\/p>\n<p>Omdat welzijn niet alleen draait om fysieke vitaliteit maar ook om mentale balans, zorgen we ervoor dat onze medewerkers toegang hebben tot <strong>sportlessen<\/strong> en <strong>mentale gezondheidsbegeleiding<\/strong> via het platform Evoluno. <strong>\u00a0<\/strong><\/p>\n<p>[\/et_pb_text][et_pb_image src=&#8221;https:\/\/www.medi-market-group.com\/wp-content\/uploads\/2025\/10\/Evoluno.png&#8221; alt=&#8221;Logo Evoluno avec un symbole d&#8217;infini en d\u00e9grad\u00e9 bleu et violet, accompagn\u00e9 du texte %22EVOLUNO%22 en lettres majuscules violettes.&#8221; title_text=&#8221;Evoluno&#8221; align=&#8221;center&#8221; _builder_version=&#8221;4.27.4&#8243; _module_preset=&#8221;default&#8221; width=&#8221;70px&#8221; max_width=&#8221;70%&#8221; custom_margin=&#8221;||20px||false|false&#8221; locked=&#8221;off&#8221; global_colors_info=&#8221;{}&#8221;][\/et_pb_image][et_pb_image src=&#8221;https:\/\/www.medi-market-group.com\/wp-content\/uploads\/2025\/09\/croix-rouge.webp&#8221; alt=&#8221;Logo de la Croix-Rouge de Belgique avec un texte noir \u00e0 gauche et une croix rouge \u00e0 droite sur fond blanc.&#8221; title_text=&#8221;croix-rouge&#8221; align=&#8221;center&#8221; _builder_version=&#8221;4.27.4&#8243; _module_preset=&#8221;default&#8221; width=&#8221;150px&#8221; max_width=&#8221;150px&#8221; locked=&#8221;off&#8221; global_colors_info=&#8221;{}&#8221;][\/et_pb_image][\/et_pb_column][et_pb_column type=&#8221;2_5&#8243; _builder_version=&#8221;4.27.4&#8243; _module_preset=&#8221;32ee7a8d-ac44-4577-9c34-c7f6df1113d0&#8243; background_image=&#8221;https:\/\/www.medi-market-group.com\/wp-content\/uploads\/2025\/11\/don-de-sang-retouche-2.webp&#8221; global_colors_info=&#8221;{}&#8221;][et_pb_divider show_divider=&#8221;off&#8221; _builder_version=&#8221;4.27.4&#8243; _module_preset=&#8221;e40510a5-e3c2-4511-b85c-d0e18452625d&#8221; locked=&#8221;off&#8221; global_colors_info=&#8221;{}&#8221;][\/et_pb_divider][\/et_pb_column][\/et_pb_row][et_pb_row _builder_version=&#8221;4.27.4&#8243; _module_preset=&#8221;default&#8221; background_color=&#8221;#FFFFFF&#8221; max_width=&#8221;1000px&#8221; custom_margin=&#8221;30px||||false|false&#8221; custom_padding=&#8221;40px|30px|60px|30px|false|true&#8221; border_color_all=&#8221;gcid-5955f51f-a20d-4245-8a47-7d5a43b0fe45&#8243; border_width_top=&#8221;1px&#8221; border_width_right=&#8221;1px&#8221; border_width_bottom=&#8221;1px&#8221; border_width_left=&#8221;1px&#8221; locked=&#8221;off&#8221; global_colors_info=&#8221;{%22gcid-5955f51f-a20d-4245-8a47-7d5a43b0fe45%22:%91%22border_color_all%22%93}&#8221; custom_margin__hover_enabled=&#8221;off|desktop&#8221;][et_pb_column type=&#8221;4_4&#8243; _builder_version=&#8221;4.27.4&#8243; _module_preset=&#8221;default&#8221; global_colors_info=&#8221;{}&#8221;][et_pb_text _builder_version=&#8221;4.27.4&#8243; _module_preset=&#8221;default&#8221; text_orientation=&#8221;center&#8221; custom_margin=&#8221;||0px||false|false&#8221; global_colors_info=&#8221;{}&#8221;]<\/p>\n<h2>Onze talenten komen aan het woord<\/h2>\n<p>[\/et_pb_text][dsm_card_carousel _builder_version=&#8221;4.27.4&#8243; _module_preset=&#8221;ad20ff8a-4c0d-4393-808b-855dcb0412b5&#8243; global_colors_info=&#8221;{%22gcid-primary-color%22:%91%22subhead_text_color%22,%22arrow_background_color%22,%22dots_active_color%22%93}&#8221;][dsm_card_carousel_child title=&#8221;Michela Barboglio&#8221; subtitle=&#8221;Marketing (Medi-Market Italia)&#8221; image_as_background=&#8221;off&#8221; button_url_new_window=&#8221;1&#8243; _builder_version=&#8221;4.27.4&#8243; _module_preset=&#8221;default&#8221; global_colors_info=&#8221;{}&#8221; parent_button=&#8221;off&#8221; parent_header_level=&#8221;h3&#8243;]<\/p>\n<p>Volgens mij heeft Medi-Market een uitzonderlijk potentieel om bij te dragen aan sociale vooruitgang en collectief welzijn. De missie, diensten en het ethische engagement van het bedrijf vormen een sterke basis voor concrete projecten die waarde cre\u00ebren voor de samenleving.<\/p>\n<p>[\/dsm_card_carousel_child][dsm_card_carousel_child title=&#8221;Michael Marlier&#8221; subtitle=&#8221;Preventieadviseur (Medi-Market Benelux)&#8221; image_as_background=&#8221;off&#8221; button_url_new_window=&#8221;1&#8243; _builder_version=&#8221;4.27.4&#8243; _module_preset=&#8221;default&#8221; global_colors_info=&#8221;{}&#8221; parent_button=&#8221;off&#8221; parent_header_level=&#8221;h3&#8243;]<\/p>\n<p>Als preventieadviseur draag ik bij aan de gezondheid en het welzijn van medewerkers door dagelijks hun veiligheid te waarborgen. Wat mij motiveert, is te zien dat deze zorg voor mensen gedragen wordt door het hele team. Het is onze grootste kracht: samen vooruitgaan door voor elkaar te zorgen.<\/p>\n<p>[\/dsm_card_carousel_child][\/dsm_card_carousel][\/et_pb_column][\/et_pb_row][et_pb_row _builder_version=&#8221;4.27.4&#8243; _module_preset=&#8221;default&#8221; global_colors_info=&#8221;{}&#8221;][et_pb_column type=&#8221;4_4&#8243; _builder_version=&#8221;4.27.4&#8243; _module_preset=&#8221;default&#8221; global_colors_info=&#8221;{}&#8221;][et_pb_text _builder_version=&#8221;4.27.4&#8243; _module_preset=&#8221;2ea8d798-60d9-49ff-8bbe-31469aa37cfe&#8221; max_width=&#8221;860px&#8221; module_alignment=&#8221;center&#8221; custom_margin=&#8221;50px||||false|false&#8221; locked=&#8221;off&#8221; global_colors_info=&#8221;{%22gcid-primary-color%22:%91%22text_text_color%22%93}&#8221;]<\/p>\n<p>Bijdragen aan het versterken van solidariteit en het bevorderen van welzijn binnen onze organisatie is voor ons veel meer dan een engagement, <strong>het is een verantwoordelijkheid.<\/strong><\/p>\n<p>[\/et_pb_text][\/et_pb_column][\/et_pb_row][\/et_pb_section]<\/p>\n","protected":false},"excerpt":{"rendered":"<p>Onze engagementenOnze actie staan centraal in de gezondheidsmissie Bij Medi-Market is het onze ambitie om een sleutelrol te spelen in gezondheid en welzijn. We willen duurzaam bijdragen aan een betere levenskwaliteit voor iedereen. Deze ambitie gaat verder dan onze producten en diensten: ze vertaalt zich in concrete betrokkenheid en acties met echte maatschappelijke impact. Als verantwoordelijke onderneming steunen we duurzame sociale initiatieven en betrekken we onze medewerkers via: Strategische partnerschappen Solidariteitsacties Interne programma\u2019s rond welzijn en activering Een partnerschap met Pink Ribbon Belgium Sinds 2023 is Medi-Market trots om hoofdsponsor te zijn van Pink Ribbon Belgium, een erkende organisatie in de strijd tegen borstkanker. We ondersteunen Pink Ribbon actief via een jaarlijkse bijdrage en de verkoop van Pink Ribbon-lintjes en -armbanden tijdens Pink October in al onze verkooppunten in de Benelux. Elk jaar neemt onze CEO actief deel aan de jaarlijkse persconferentie van de organisatie, waarmee we onze rol als ambassadeur van deze belangrijke zaak versterken.Pink Ribbon Belgium is een referentieorganisatie in de strijd tegen borstkanker. Ze werkt op twee fronten: het aantal gevallen verminderen via preventiecampagnes en de levenskwaliteit verbeteren van mensen die getroffen zijn door de ziekte.Collectieve mobilisatie Naast onze steun aan Pink Ribbon zet Medi-Market zich actief [&hellip;]<\/p>\n","protected":false},"author":1,"featured_media":0,"parent":0,"menu_order":22,"comment_status":"closed","ping_status":"closed","template":"","meta":{"_et_pb_use_builder":"on","_et_pb_old_content":"","_et_gb_content_width":"","footnotes":""},"class_list":["post-2845","page","type-page","status-publish","hentry"],"yoast_head":"<!-- This site is optimized with the Yoast SEO plugin v27.3 - https:\/\/yoast.com\/product\/yoast-seo-wordpress\/ -->\n<title>Medi-Market Group, een betrokken speler in de strijd tegen borstkanker<\/title>\n<meta name=\"description\" content=\"Medi-Market Group steunt Pink Ribbon Belgium en zet zich in voor preventie en ondersteuning in de strijd tegen borstkanker.\" \/>\n<meta name=\"robots\" content=\"index, follow, max-snippet:-1, max-image-preview:large, max-video-preview:-1\" \/>\n<link rel=\"canonical\" href=\"https:\/\/www.medi-market-group.com\/nl\/onze-engagementen\/\" \/>\n<meta property=\"og:locale\" content=\"nl_NL\" \/>\n<meta property=\"og:type\" content=\"article\" \/>\n<meta property=\"og:title\" content=\"Medi-Market Group, een betrokken speler in de strijd tegen borstkanker\" \/>\n<meta property=\"og:description\" content=\"Medi-Market Group steunt Pink Ribbon Belgium en zet zich in voor preventie en ondersteuning in de strijd tegen borstkanker.\" \/>\n<meta property=\"og:url\" content=\"https:\/\/www.medi-market-group.com\/nl\/onze-engagementen\/\" \/>\n<meta property=\"og:site_name\" content=\"Medi-Market Group\" \/>\n<meta property=\"article:modified_time\" content=\"2025-12-01T14:52:38+00:00\" \/>\n<meta name=\"twitter:card\" content=\"summary_large_image\" \/>\n<meta name=\"twitter:label1\" content=\"Geschatte leestijd\" \/>\n\t<meta name=\"twitter:data1\" content=\"3 minuten\" \/>\n<script type=\"application\/ld+json\" class=\"yoast-schema-graph\">{\"@context\":\"https:\\\/\\\/schema.org\",\"@graph\":[{\"@type\":\"WebPage\",\"@id\":\"https:\\\/\\\/www.medi-market-group.com\\\/nl\\\/onze-engagementen\\\/\",\"url\":\"https:\\\/\\\/www.medi-market-group.com\\\/nl\\\/onze-engagementen\\\/\",\"name\":\"Medi-Market Group, een betrokken speler in de strijd tegen borstkanker\",\"isPartOf\":{\"@id\":\"https:\\\/\\\/www.medi-market-group.com\\\/nl\\\/#website\"},\"datePublished\":\"2025-08-04T06:35:20+00:00\",\"dateModified\":\"2025-12-01T14:52:38+00:00\",\"description\":\"Medi-Market Group steunt Pink Ribbon Belgium en zet zich in voor preventie en ondersteuning in de strijd tegen borstkanker.\",\"breadcrumb\":{\"@id\":\"https:\\\/\\\/www.medi-market-group.com\\\/nl\\\/onze-engagementen\\\/#breadcrumb\"},\"inLanguage\":\"nl-NL\",\"potentialAction\":[{\"@type\":\"ReadAction\",\"target\":[\"https:\\\/\\\/www.medi-market-group.com\\\/nl\\\/onze-engagementen\\\/\"]}]},{\"@type\":\"BreadcrumbList\",\"@id\":\"https:\\\/\\\/www.medi-market-group.com\\\/nl\\\/onze-engagementen\\\/#breadcrumb\",\"itemListElement\":[{\"@type\":\"ListItem\",\"position\":1,\"name\":\"Accueil\",\"item\":\"https:\\\/\\\/www.medi-market-group.com\\\/nl\\\/\"},{\"@type\":\"ListItem\",\"position\":2,\"name\":\"Onze engagementen\"}]},{\"@type\":\"WebSite\",\"@id\":\"https:\\\/\\\/www.medi-market-group.com\\\/nl\\\/#website\",\"url\":\"https:\\\/\\\/www.medi-market-group.com\\\/nl\\\/\",\"name\":\"Medi-Market Group\",\"description\":\"\",\"potentialAction\":[{\"@type\":\"SearchAction\",\"target\":{\"@type\":\"EntryPoint\",\"urlTemplate\":\"https:\\\/\\\/www.medi-market-group.com\\\/nl\\\/?s={search_term_string}\"},\"query-input\":{\"@type\":\"PropertyValueSpecification\",\"valueRequired\":true,\"valueName\":\"search_term_string\"}}],\"inLanguage\":\"nl-NL\"}]}<\/script>\n<!-- \/ Yoast SEO plugin. -->","yoast_head_json":{"title":"Medi-Market Group, een betrokken speler in de strijd tegen borstkanker","description":"Medi-Market Group steunt Pink Ribbon Belgium en zet zich in voor preventie en ondersteuning in de strijd tegen borstkanker.","robots":{"index":"index","follow":"follow","max-snippet":"max-snippet:-1","max-image-preview":"max-image-preview:large","max-video-preview":"max-video-preview:-1"},"canonical":"https:\/\/www.medi-market-group.com\/nl\/onze-engagementen\/","og_locale":"nl_NL","og_type":"article","og_title":"Medi-Market Group, een betrokken speler in de strijd tegen borstkanker","og_description":"Medi-Market Group steunt Pink Ribbon Belgium en zet zich in voor preventie en ondersteuning in de strijd tegen borstkanker.","og_url":"https:\/\/www.medi-market-group.com\/nl\/onze-engagementen\/","og_site_name":"Medi-Market Group","article_modified_time":"2025-12-01T14:52:38+00:00","twitter_card":"summary_large_image","twitter_misc":{"Geschatte leestijd":"3 minuten"},"schema":{"@context":"https:\/\/schema.org","@graph":[{"@type":"WebPage","@id":"https:\/\/www.medi-market-group.com\/nl\/onze-engagementen\/","url":"https:\/\/www.medi-market-group.com\/nl\/onze-engagementen\/","name":"Medi-Market Group, een betrokken speler in de strijd tegen borstkanker","isPartOf":{"@id":"https:\/\/www.medi-market-group.com\/nl\/#website"},"datePublished":"2025-08-04T06:35:20+00:00","dateModified":"2025-12-01T14:52:38+00:00","description":"Medi-Market Group steunt Pink Ribbon Belgium en zet zich in voor preventie en ondersteuning in de strijd tegen borstkanker.","breadcrumb":{"@id":"https:\/\/www.medi-market-group.com\/nl\/onze-engagementen\/#breadcrumb"},"inLanguage":"nl-NL","potentialAction":[{"@type":"ReadAction","target":["https:\/\/www.medi-market-group.com\/nl\/onze-engagementen\/"]}]},{"@type":"BreadcrumbList","@id":"https:\/\/www.medi-market-group.com\/nl\/onze-engagementen\/#breadcrumb","itemListElement":[{"@type":"ListItem","position":1,"name":"Accueil","item":"https:\/\/www.medi-market-group.com\/nl\/"},{"@type":"ListItem","position":2,"name":"Onze engagementen"}]},{"@type":"WebSite","@id":"https:\/\/www.medi-market-group.com\/nl\/#website","url":"https:\/\/www.medi-market-group.com\/nl\/","name":"Medi-Market Group","description":"","potentialAction":[{"@type":"SearchAction","target":{"@type":"EntryPoint","urlTemplate":"https:\/\/www.medi-market-group.com\/nl\/?s={search_term_string}"},"query-input":{"@type":"PropertyValueSpecification","valueRequired":true,"valueName":"search_term_string"}}],"inLanguage":"nl-NL"}]}},"_links":{"self":[{"href":"https:\/\/www.medi-market-group.com\/nl\/wp-json\/wp\/v2\/pages\/2845","targetHints":{"allow":["GET"]}}],"collection":[{"href":"https:\/\/www.medi-market-group.com\/nl\/wp-json\/wp\/v2\/pages"}],"about":[{"href":"https:\/\/www.medi-market-group.com\/nl\/wp-json\/wp\/v2\/types\/page"}],"author":[{"embeddable":true,"href":"https:\/\/www.medi-market-group.com\/nl\/wp-json\/wp\/v2\/users\/1"}],"replies":[{"embeddable":true,"href":"https:\/\/www.medi-market-group.com\/nl\/wp-json\/wp\/v2\/comments?post=2845"}],"version-history":[{"count":13,"href":"https:\/\/www.medi-market-group.com\/nl\/wp-json\/wp\/v2\/pages\/2845\/revisions"}],"predecessor-version":[{"id":4129,"href":"https:\/\/www.medi-market-group.com\/nl\/wp-json\/wp\/v2\/pages\/2845\/revisions\/4129"}],"wp:attachment":[{"href":"https:\/\/www.medi-market-group.com\/nl\/wp-json\/wp\/v2\/media?parent=2845"}],"curies":[{"name":"wp","href":"https:\/\/api.w.org\/{rel}","templated":true}]}}