{"id":2902,"date":"2025-08-04T08:37:50","date_gmt":"2025-08-04T06:37:50","guid":{"rendered":"https:\/\/medi-market-group.poush-dev.be\/nos-instituts\/"},"modified":"2025-12-01T12:24:51","modified_gmt":"2025-12-01T11:24:51","slug":"onze-instituten","status":"publish","type":"page","link":"https:\/\/www.medi-market-group.com\/nl\/onze-instituten\/","title":{"rendered":"Onze instituten"},"content":{"rendered":"<p>[et_pb_section fb_built=&#8221;1&#8243; _builder_version=&#8221;4.27.4&#8243; _module_preset=&#8221;default&#8221; background_color=&#8221;gcid-169d53ee-a668-4e75-9ecd-09cb439115ce&#8221; custom_padding=&#8221;0px|20px|0px|20px|true|true&#8221; global_colors_info=&#8221;{%22gcid-169d53ee-a668-4e75-9ecd-09cb439115ce%22:%91%22background_color%22%93}&#8221;][et_pb_row _builder_version=&#8221;4.27.4&#8243; _module_preset=&#8221;7a118687-3fdc-4371-ae36-4cf0afc13fbe&#8221; background_image=&#8221;https:\/\/www.medi-market-group.com\/wp-content\/uploads\/2025\/11\/0110_MEDI-MARKET_SHOOTING_ROCOURT_NOUVEAU_CONCEPT_-_14-07-2023-20230714-54-copie.webp&#8221; background_position=&#8221;center&#8221; hover_enabled=&#8221;0&#8243; global_colors_info=&#8221;{}&#8221; alt=&#8221;Un espace d&#8217;accueil moderne avec des \u00e9tag\u00e8res de produits, des chaises bleues, un comptoir d&#8217;accueil et un panneau d&#8217;affichage num\u00e9rique.&#8221; title_text=&#8221;0110_MEDI-MARKET_SHOOTING_ROCOURT_NOUVEAU_CONCEPT_-_14-07-2023-20230714&#8211;54 copie&#8221; sticky_enabled=&#8221;0&#8243;][et_pb_column type=&#8221;4_4&#8243; _builder_version=&#8221;4.27.4&#8243; _module_preset=&#8221;default&#8221; global_colors_info=&#8221;{}&#8221;][et_pb_text admin_label=&#8221;Text&#8221; _builder_version=&#8221;4.27.4&#8243; _module_preset=&#8221;5298e62e-f7ac-4dd9-b361-006fc4da68de&#8221; background_size=&#8221;initial&#8221; background_position=&#8221;top_left&#8221; background_repeat=&#8221;repeat&#8221; background_layout=&#8221;dark&#8221; max_width=&#8221;750px&#8221; custom_margin=&#8221;||0px||false|false&#8221; header_text_shadow_style=&#8221;preset3&#8243; header_text_shadow_blur_strength=&#8221;0.8em&#8221; global_colors_info=&#8221;{}&#8221;]<\/p>\n<h1>Het instituut van Medi-Market<\/h1>\n<p>[\/et_pb_text][\/et_pb_column][\/et_pb_row][\/et_pb_section][et_pb_section fb_built=&#8221;1&#8243; _builder_version=&#8221;4.27.4&#8243; _module_preset=&#8221;default&#8221; background_color=&#8221;gcid-169d53ee-a668-4e75-9ecd-09cb439115ce&#8221; global_colors_info=&#8221;{%22gcid-169d53ee-a668-4e75-9ecd-09cb439115ce%22:%91%22background_color%22%93}&#8221;][et_pb_row column_structure=&#8221;2_3,1_3&#8243; _builder_version=&#8221;4.27.4&#8243; _module_preset=&#8221;f2224794-3e34-4e6a-835c-79610dd4d053&#8243; locked=&#8221;off&#8221; global_colors_info=&#8221;{}&#8221;][et_pb_column type=&#8221;2_3&#8243; _builder_version=&#8221;4.27.4&#8243; _module_preset=&#8221;default&#8221; global_colors_info=&#8221;{}&#8221;][et_pb_text _builder_version=&#8221;4.27.4&#8243; _module_preset=&#8221;default&#8221; text_orientation=&#8221;center&#8221; max_width=&#8221;900px&#8221; module_alignment=&#8221;center&#8221; global_colors_info=&#8221;{}&#8221;]<\/p>\n<h2>Een ge\u00efntegreerde gezondheid- en welzijnsaanpak in het klanttraject<\/h2>\n<p>Ons eerste instituut ging in 2018 open en hiermee werd de basis gelegd voor een <strong>innovatieve benadering van esthetische en preventieve behandelingen<\/strong>. Getrouw aan ons DNA weerspiegelt het onze voortdurende inzet om onze missie uit te breiden: <a href=\"https:\/\/www.medi-market-group.com\/nl\/onze-missie\/\"><strong>zorg toegankelijk maken voor iedereen<\/strong><\/a>.<\/p>\n<p>L\u2019Institut by Medi-Market combineert de <strong>expertise van gekwalificeerde specialisten met geavanceerde esthetische technologie\u00ebn<\/strong> om effectieve behandelingen aan te bieden die voor iedereen toegankelijk zijn. Op dit moment <strong>heeft Medi-Market 9 instituten in Belgi\u00eb<\/strong>, wat aantoont dat onze klanten belang hechten aan deskundige zorg die toegankelijk is en ge\u00efntegreerd in hun gezondheidsparcours.<\/p>\n<p>[\/et_pb_text][\/et_pb_column][et_pb_column type=&#8221;1_3&#8243; _builder_version=&#8221;4.27.4&#8243; _module_preset=&#8221;32ee7a8d-ac44-4577-9c34-c7f6df1113d0&#8243; background_image=&#8221;https:\/\/www.medi-market-group.com\/wp-content\/uploads\/2025\/11\/2025-11-04-Medi-Market_A.-Delsoir-Photo2293Web.webp&#8221; global_colors_info=&#8221;{}&#8221;][et_pb_divider show_divider=&#8221;off&#8221; _builder_version=&#8221;4.27.4&#8243; _module_preset=&#8221;e40510a5-e3c2-4511-b85c-d0e18452625d&#8221; locked=&#8221;off&#8221; global_colors_info=&#8221;{}&#8221;][\/et_pb_divider][\/et_pb_column][\/et_pb_row][et_pb_row column_structure=&#8221;1_3,2_3&#8243; module_class=&#8221;custom-align-vertical-reverse&#8221; _builder_version=&#8221;4.27.4&#8243; _module_preset=&#8221;f2224794-3e34-4e6a-835c-79610dd4d053&#8243; locked=&#8221;off&#8221; global_colors_info=&#8221;{}&#8221;][et_pb_column type=&#8221;1_3&#8243; _builder_version=&#8221;4.27.4&#8243; _module_preset=&#8221;32ee7a8d-ac44-4577-9c34-c7f6df1113d0&#8243; background_image=&#8221;https:\/\/www.medi-market-group.com\/wp-content\/uploads\/2025\/11\/2025-11-04-Medi-Market_A.-Delsoir-Photo2309Web.webp&#8221; global_colors_info=&#8221;{}&#8221;][et_pb_divider show_divider=&#8221;off&#8221; _builder_version=&#8221;4.27.4&#8243; _module_preset=&#8221;e40510a5-e3c2-4511-b85c-d0e18452625d&#8221; locked=&#8221;off&#8221; global_colors_info=&#8221;{}&#8221;][\/et_pb_divider][\/et_pb_column][et_pb_column type=&#8221;2_3&#8243; _builder_version=&#8221;4.27.4&#8243; _module_preset=&#8221;default&#8221; global_colors_info=&#8221;{}&#8221;][et_pb_text _builder_version=&#8221;4.27.4&#8243; _module_preset=&#8221;default&#8221; text_orientation=&#8221;center&#8221; max_width=&#8221;850px&#8221; module_alignment=&#8221;center&#8221; global_colors_info=&#8221;{}&#8221;]<\/p>\n<h2>Een complete aanpak, ge\u00efntegreerd in ons gezondheidsnetwerk<\/h2>\n<p>Ontworpen als een directe aanvulling op ons netwerk van <strong>parafarmacie\u00ebn, apotheken en digitale platforms<\/strong>, biedt L\u2019Institut by Medi-Market niet alleen <strong>esthetische behandelingen <\/strong>onder begeleiding van professionals, maar ook <strong>persoonlijke dieetconsultaties<\/strong>. Deze begeleiding richt zich op gewichtscontrole, voedingsbalans, en voedingsopvolging in belangrijke levensfasen (zwangerschap, sportieve activiteiten, voedings- of pathologische transities).<\/p>\n<p>[\/et_pb_text][\/et_pb_column][\/et_pb_row][et_pb_row column_structure=&#8221;2_3,1_3&#8243; _builder_version=&#8221;4.27.4&#8243; _module_preset=&#8221;f2224794-3e34-4e6a-835c-79610dd4d053&#8243; locked=&#8221;off&#8221; global_colors_info=&#8221;{}&#8221;][et_pb_column type=&#8221;2_3&#8243; _builder_version=&#8221;4.27.4&#8243; _module_preset=&#8221;default&#8221; global_colors_info=&#8221;{}&#8221;][et_pb_text _builder_version=&#8221;4.27.4&#8243; _module_preset=&#8221;default&#8221; text_orientation=&#8221;center&#8221; max_width=&#8221;750px&#8221; module_alignment=&#8221;center&#8221; global_colors_info=&#8221;{}&#8221;]<\/p>\n<h2>Een visie op zorg geworteld in algemene gezondheid<\/h2>\n<p>Door middel van L\u2019Institut gaat Medi-Market door met haar streven om <strong>gezondheid centraal te snellen in alle activiteiten<\/strong>. Elke behandeling of begeleiding is bedoeld om de levenskwaliteit van onze klanten te verbeteren, door technologie, menselijke expertise en toegankelijkheid te combineren.<\/p>\n<p>[\/et_pb_text][et_pb_button button_url=&#8221;https:\/\/institut.medi-market.be\/&#8221; url_new_window=&#8221;on&#8221; button_text=&#8221;Meer informatie op de website&#8221; button_alignment=&#8221;center&#8221; _builder_version=&#8221;4.27.4&#8243; _module_preset=&#8221;default&#8221; global_colors_info=&#8221;{}&#8221;][\/et_pb_button][\/et_pb_column][et_pb_column type=&#8221;1_3&#8243; _builder_version=&#8221;4.27.4&#8243; _module_preset=&#8221;32ee7a8d-ac44-4577-9c34-c7f6df1113d0&#8243; background_image=&#8221;https:\/\/www.medi-market-group.com\/wp-content\/uploads\/2025\/11\/HOMEPAGE-philosophie4_institu.webp&#8221; global_colors_info=&#8221;{}&#8221;][et_pb_divider show_divider=&#8221;off&#8221; _builder_version=&#8221;4.27.4&#8243; _module_preset=&#8221;e40510a5-e3c2-4511-b85c-d0e18452625d&#8221; locked=&#8221;off&#8221; global_colors_info=&#8221;{}&#8221;][\/et_pb_divider][\/et_pb_column][\/et_pb_row][\/et_pb_section]<\/p>\n","protected":false},"excerpt":{"rendered":"<p>Het instituut van Medi-MarketEen ge\u00efntegreerde gezondheid- en welzijnsaanpak in het klanttraject Ons eerste instituut ging in 2018 open en hiermee werd de basis gelegd voor een innovatieve benadering van esthetische en preventieve behandelingen. Getrouw aan ons DNA weerspiegelt het onze voortdurende inzet om onze missie uit te breiden: zorg toegankelijk maken voor iedereen. L\u2019Institut by Medi-Market combineert de expertise van gekwalificeerde specialisten met geavanceerde esthetische technologie\u00ebn om effectieve behandelingen aan te bieden die voor iedereen toegankelijk zijn. Op dit moment heeft Medi-Market 9 instituten in Belgi\u00eb, wat aantoont dat onze klanten belang hechten aan deskundige zorg die toegankelijk is en ge\u00efntegreerd in hun gezondheidsparcours.Een complete aanpak, ge\u00efntegreerd in ons gezondheidsnetwerk Ontworpen als een directe aanvulling op ons netwerk van parafarmacie\u00ebn, apotheken en digitale platforms, biedt L\u2019Institut by Medi-Market niet alleen esthetische behandelingen onder begeleiding van professionals, maar ook persoonlijke dieetconsultaties. Deze begeleiding richt zich op gewichtscontrole, voedingsbalans, en voedingsopvolging in belangrijke levensfasen (zwangerschap, sportieve activiteiten, voedings- of pathologische transities).Een visie op zorg geworteld in algemene gezondheid Door middel van L\u2019Institut gaat Medi-Market door met haar streven om gezondheid centraal te snellen in alle activiteiten. Elke behandeling of begeleiding is bedoeld om de levenskwaliteit van onze klanten te verbeteren, door technologie, [&hellip;]<\/p>\n","protected":false},"author":1,"featured_media":0,"parent":0,"menu_order":80,"comment_status":"closed","ping_status":"closed","template":"","meta":{"_et_pb_use_builder":"on","_et_pb_old_content":"","_et_gb_content_width":"","footnotes":""},"class_list":["post-2902","page","type-page","status-publish","hentry"],"yoast_head":"<!-- This site is optimized with the Yoast SEO plugin v27.3 - https:\/\/yoast.com\/product\/yoast-seo-wordpress\/ -->\n<title>Instituut by Medi-Market Group : toegankelijke zorg, afslanken en welzijn<\/title>\n<meta name=\"description\" content=\"Expertise in lichaams- en gezichtsbehandelingen, laserontharing. Medi-Market-instituten in Belgi\u00eb, centraal in uw gezondheidsparcours.\" \/>\n<meta name=\"robots\" content=\"index, follow, max-snippet:-1, max-image-preview:large, max-video-preview:-1\" \/>\n<link rel=\"canonical\" href=\"https:\/\/www.medi-market-group.com\/nl\/onze-instituten\/\" \/>\n<meta property=\"og:locale\" content=\"nl_NL\" \/>\n<meta property=\"og:type\" content=\"article\" \/>\n<meta property=\"og:title\" content=\"Instituut by Medi-Market Group : toegankelijke zorg, afslanken en welzijn\" \/>\n<meta property=\"og:description\" content=\"Expertise in lichaams- en gezichtsbehandelingen, laserontharing. Medi-Market-instituten in Belgi\u00eb, centraal in uw gezondheidsparcours.\" \/>\n<meta property=\"og:url\" content=\"https:\/\/www.medi-market-group.com\/nl\/onze-instituten\/\" \/>\n<meta property=\"og:site_name\" content=\"Medi-Market Group\" \/>\n<meta property=\"article:modified_time\" content=\"2025-12-01T11:24:51+00:00\" \/>\n<meta name=\"twitter:card\" content=\"summary_large_image\" \/>\n<meta name=\"twitter:label1\" content=\"Geschatte leestijd\" \/>\n\t<meta name=\"twitter:data1\" content=\"2 minuten\" \/>\n<script type=\"application\/ld+json\" class=\"yoast-schema-graph\">{\"@context\":\"https:\\\/\\\/schema.org\",\"@graph\":[{\"@type\":\"WebPage\",\"@id\":\"https:\\\/\\\/www.medi-market-group.com\\\/nl\\\/onze-instituten\\\/\",\"url\":\"https:\\\/\\\/www.medi-market-group.com\\\/nl\\\/onze-instituten\\\/\",\"name\":\"Instituut by Medi-Market Group : toegankelijke zorg, afslanken en welzijn\",\"isPartOf\":{\"@id\":\"https:\\\/\\\/www.medi-market-group.com\\\/nl\\\/#website\"},\"datePublished\":\"2025-08-04T06:37:50+00:00\",\"dateModified\":\"2025-12-01T11:24:51+00:00\",\"description\":\"Expertise in lichaams- en gezichtsbehandelingen, laserontharing. Medi-Market-instituten in Belgi\u00eb, centraal in uw gezondheidsparcours.\",\"breadcrumb\":{\"@id\":\"https:\\\/\\\/www.medi-market-group.com\\\/nl\\\/onze-instituten\\\/#breadcrumb\"},\"inLanguage\":\"nl-NL\",\"potentialAction\":[{\"@type\":\"ReadAction\",\"target\":[\"https:\\\/\\\/www.medi-market-group.com\\\/nl\\\/onze-instituten\\\/\"]}]},{\"@type\":\"BreadcrumbList\",\"@id\":\"https:\\\/\\\/www.medi-market-group.com\\\/nl\\\/onze-instituten\\\/#breadcrumb\",\"itemListElement\":[{\"@type\":\"ListItem\",\"position\":1,\"name\":\"Accueil\",\"item\":\"https:\\\/\\\/www.medi-market-group.com\\\/nl\\\/\"},{\"@type\":\"ListItem\",\"position\":2,\"name\":\"Onze instituten\"}]},{\"@type\":\"WebSite\",\"@id\":\"https:\\\/\\\/www.medi-market-group.com\\\/nl\\\/#website\",\"url\":\"https:\\\/\\\/www.medi-market-group.com\\\/nl\\\/\",\"name\":\"Medi-Market Group\",\"description\":\"\",\"potentialAction\":[{\"@type\":\"SearchAction\",\"target\":{\"@type\":\"EntryPoint\",\"urlTemplate\":\"https:\\\/\\\/www.medi-market-group.com\\\/nl\\\/?s={search_term_string}\"},\"query-input\":{\"@type\":\"PropertyValueSpecification\",\"valueRequired\":true,\"valueName\":\"search_term_string\"}}],\"inLanguage\":\"nl-NL\"}]}<\/script>\n<!-- \/ Yoast SEO plugin. -->","yoast_head_json":{"title":"Instituut by Medi-Market Group : toegankelijke zorg, afslanken en welzijn","description":"Expertise in lichaams- en gezichtsbehandelingen, laserontharing. Medi-Market-instituten in Belgi\u00eb, centraal in uw gezondheidsparcours.","robots":{"index":"index","follow":"follow","max-snippet":"max-snippet:-1","max-image-preview":"max-image-preview:large","max-video-preview":"max-video-preview:-1"},"canonical":"https:\/\/www.medi-market-group.com\/nl\/onze-instituten\/","og_locale":"nl_NL","og_type":"article","og_title":"Instituut by Medi-Market Group : toegankelijke zorg, afslanken en welzijn","og_description":"Expertise in lichaams- en gezichtsbehandelingen, laserontharing. Medi-Market-instituten in Belgi\u00eb, centraal in uw gezondheidsparcours.","og_url":"https:\/\/www.medi-market-group.com\/nl\/onze-instituten\/","og_site_name":"Medi-Market Group","article_modified_time":"2025-12-01T11:24:51+00:00","twitter_card":"summary_large_image","twitter_misc":{"Geschatte leestijd":"2 minuten"},"schema":{"@context":"https:\/\/schema.org","@graph":[{"@type":"WebPage","@id":"https:\/\/www.medi-market-group.com\/nl\/onze-instituten\/","url":"https:\/\/www.medi-market-group.com\/nl\/onze-instituten\/","name":"Instituut by Medi-Market Group : toegankelijke zorg, afslanken en welzijn","isPartOf":{"@id":"https:\/\/www.medi-market-group.com\/nl\/#website"},"datePublished":"2025-08-04T06:37:50+00:00","dateModified":"2025-12-01T11:24:51+00:00","description":"Expertise in lichaams- en gezichtsbehandelingen, laserontharing. Medi-Market-instituten in Belgi\u00eb, centraal in uw gezondheidsparcours.","breadcrumb":{"@id":"https:\/\/www.medi-market-group.com\/nl\/onze-instituten\/#breadcrumb"},"inLanguage":"nl-NL","potentialAction":[{"@type":"ReadAction","target":["https:\/\/www.medi-market-group.com\/nl\/onze-instituten\/"]}]},{"@type":"BreadcrumbList","@id":"https:\/\/www.medi-market-group.com\/nl\/onze-instituten\/#breadcrumb","itemListElement":[{"@type":"ListItem","position":1,"name":"Accueil","item":"https:\/\/www.medi-market-group.com\/nl\/"},{"@type":"ListItem","position":2,"name":"Onze instituten"}]},{"@type":"WebSite","@id":"https:\/\/www.medi-market-group.com\/nl\/#website","url":"https:\/\/www.medi-market-group.com\/nl\/","name":"Medi-Market Group","description":"","potentialAction":[{"@type":"SearchAction","target":{"@type":"EntryPoint","urlTemplate":"https:\/\/www.medi-market-group.com\/nl\/?s={search_term_string}"},"query-input":{"@type":"PropertyValueSpecification","valueRequired":true,"valueName":"search_term_string"}}],"inLanguage":"nl-NL"}]}},"_links":{"self":[{"href":"https:\/\/www.medi-market-group.com\/nl\/wp-json\/wp\/v2\/pages\/2902","targetHints":{"allow":["GET"]}}],"collection":[{"href":"https:\/\/www.medi-market-group.com\/nl\/wp-json\/wp\/v2\/pages"}],"about":[{"href":"https:\/\/www.medi-market-group.com\/nl\/wp-json\/wp\/v2\/types\/page"}],"author":[{"embeddable":true,"href":"https:\/\/www.medi-market-group.com\/nl\/wp-json\/wp\/v2\/users\/1"}],"replies":[{"embeddable":true,"href":"https:\/\/www.medi-market-group.com\/nl\/wp-json\/wp\/v2\/comments?post=2902"}],"version-history":[{"count":6,"href":"https:\/\/www.medi-market-group.com\/nl\/wp-json\/wp\/v2\/pages\/2902\/revisions"}],"predecessor-version":[{"id":4097,"href":"https:\/\/www.medi-market-group.com\/nl\/wp-json\/wp\/v2\/pages\/2902\/revisions\/4097"}],"wp:attachment":[{"href":"https:\/\/www.medi-market-group.com\/nl\/wp-json\/wp\/v2\/media?parent=2902"}],"curies":[{"name":"wp","href":"https:\/\/api.w.org\/{rel}","templated":true}]}}